{"id":8423,"date":"2021-07-05T09:45:58","date_gmt":"2021-07-05T07:45:58","guid":{"rendered":"https:\/\/www.muehle-glashuette.de\/?page_id=8423"},"modified":"2026-03-09T15:10:33","modified_gmt":"2026-03-09T14:10:33","slug":"startseite-2","status":"publish","type":"page","link":"https:\/\/www.muehle-glashuette.de\/en\/","title":{"rendered":"Startseite"},"content":{"rendered":"","protected":false},"excerpt":{"rendered":"","protected":false},"author":2,"featured_media":0,"parent":0,"menu_order":-1,"comment_status":"closed","ping_status":"closed","template":"page-templates\/home.php","meta":{"_acf_changed":false,"footnotes":""},"class_list":["post-8423","page","type-page","status-publish","hentry"],"acf":[],"yoast_head":"<!-- This site is optimized with the Yoast SEO plugin v27.3 - https:\/\/yoast.com\/product\/yoast-seo-wordpress\/ -->\n<title>Precision since 1869 | M\u00fchle-Glash\u00fctte - watch manufactory<\/title>\n<meta name=\"description\" content=\"150 years of German watchmaking: M\u00fchle-Glash\u00fctte stands for precision, durability &amp; perfect readability \u2013 handcrafted in Glash\u00fctte.\" \/>\n<meta name=\"robots\" content=\"index, follow, max-snippet:-1, max-image-preview:large, max-video-preview:-1\" \/>\n<meta property=\"og:locale\" content=\"en_US\" \/>\n<meta property=\"og:type\" content=\"article\" \/>\n<meta property=\"og:title\" content=\"Precision since 1869 | M\u00fchle-Glash\u00fctte - watch manufactory\" \/>\n<meta property=\"og:description\" content=\"150 years of German watchmaking: M\u00fchle-Glash\u00fctte stands for precision, durability &amp; perfect readability \u2013 handcrafted in Glash\u00fctte.\" \/>\n<meta property=\"og:url\" content=\"https:\/\/www.muehle-glashuette.de\/en\/\" \/>\n<meta property=\"og:site_name\" content=\"M\u00fchle-Glash\u00fctte\" \/>\n<meta property=\"article:modified_time\" content=\"2026-03-09T14:10:33+00:00\" \/>\n<meta name=\"twitter:card\" content=\"summary_large_image\" \/>\n<script type=\"application\/ld+json\" class=\"yoast-schema-graph\">{\"@context\":\"https:\\\/\\\/schema.org\",\"@graph\":[{\"@type\":\"WebPage\",\"@id\":\"https:\\\/\\\/www.muehle-glashuette.de\\\/en\\\/\",\"url\":\"https:\\\/\\\/www.muehle-glashuette.de\\\/en\\\/\",\"name\":\"Precision since 1869 | M\u00fchle-Glash\u00fctte - watch manufactory\",\"isPartOf\":{\"@id\":\"https:\\\/\\\/www.muehle-glashuette.de\\\/#website\"},\"datePublished\":\"2021-07-05T07:45:58+00:00\",\"dateModified\":\"2026-03-09T14:10:33+00:00\",\"description\":\"150 years of German watchmaking: M\u00fchle-Glash\u00fctte stands for precision, durability & perfect readability \u2013 handcrafted in Glash\u00fctte.\",\"breadcrumb\":{\"@id\":\"https:\\\/\\\/www.muehle-glashuette.de\\\/en\\\/#breadcrumb\"},\"inLanguage\":\"en-US\",\"potentialAction\":[{\"@type\":\"ReadAction\",\"target\":[\"https:\\\/\\\/www.muehle-glashuette.de\\\/en\\\/\"]}]},{\"@type\":\"BreadcrumbList\",\"@id\":\"https:\\\/\\\/www.muehle-glashuette.de\\\/en\\\/#breadcrumb\",\"itemListElement\":[{\"@type\":\"ListItem\",\"position\":1,\"name\":\"Home\",\"item\":\"https:\\\/\\\/www.muehle-glashuette.de\\\/en\\\/\"},{\"@type\":\"ListItem\",\"position\":2,\"name\":\"Startseite\"}]},{\"@type\":\"WebSite\",\"@id\":\"https:\\\/\\\/www.muehle-glashuette.de\\\/#website\",\"url\":\"https:\\\/\\\/www.muehle-glashuette.de\\\/\",\"name\":\"M\u00fchle-Glash\u00fctte\",\"description\":\"\",\"publisher\":{\"@id\":\"https:\\\/\\\/www.muehle-glashuette.de\\\/#organization\"},\"potentialAction\":[{\"@type\":\"SearchAction\",\"target\":{\"@type\":\"EntryPoint\",\"urlTemplate\":\"https:\\\/\\\/www.muehle-glashuette.de\\\/?s={search_term_string}\"},\"query-input\":{\"@type\":\"PropertyValueSpecification\",\"valueRequired\":true,\"valueName\":\"search_term_string\"}}],\"inLanguage\":\"en-US\"},{\"@type\":\"Organization\",\"@id\":\"https:\\\/\\\/www.muehle-glashuette.de\\\/#organization\",\"name\":\"M\u00fchle-Glash\u00fctte\",\"url\":\"https:\\\/\\\/www.muehle-glashuette.de\\\/\",\"logo\":{\"@type\":\"ImageObject\",\"inLanguage\":\"en-US\",\"@id\":\"https:\\\/\\\/www.muehle-glashuette.de\\\/#\\\/schema\\\/logo\\\/image\\\/\",\"url\":\"https:\\\/\\\/www.muehle-glashuette.de\\\/wp-content\\\/uploads\\\/mg-logo-mail-1.png\",\"contentUrl\":\"https:\\\/\\\/www.muehle-glashuette.de\\\/wp-content\\\/uploads\\\/mg-logo-mail-1.png\",\"width\":600,\"height\":173,\"caption\":\"M\u00fchle-Glash\u00fctte\"},\"image\":{\"@id\":\"https:\\\/\\\/www.muehle-glashuette.de\\\/#\\\/schema\\\/logo\\\/image\\\/\"}}]}<\/script>\n<!-- \/ Yoast SEO plugin. -->","yoast_head_json":{"title":"Precision since 1869 | M\u00fchle-Glash\u00fctte - watch manufactory","description":"150 years of German watchmaking: M\u00fchle-Glash\u00fctte stands for precision, durability & perfect readability \u2013 handcrafted in Glash\u00fctte.","robots":{"index":"index","follow":"follow","max-snippet":"max-snippet:-1","max-image-preview":"max-image-preview:large","max-video-preview":"max-video-preview:-1"},"og_locale":"en_US","og_type":"article","og_title":"Precision since 1869 | M\u00fchle-Glash\u00fctte - watch manufactory","og_description":"150 years of German watchmaking: M\u00fchle-Glash\u00fctte stands for precision, durability & perfect readability \u2013 handcrafted in Glash\u00fctte.","og_url":"https:\/\/www.muehle-glashuette.de\/en\/","og_site_name":"M\u00fchle-Glash\u00fctte","article_modified_time":"2026-03-09T14:10:33+00:00","twitter_card":"summary_large_image","schema":{"@context":"https:\/\/schema.org","@graph":[{"@type":"WebPage","@id":"https:\/\/www.muehle-glashuette.de\/en\/","url":"https:\/\/www.muehle-glashuette.de\/en\/","name":"Precision since 1869 | M\u00fchle-Glash\u00fctte - watch manufactory","isPartOf":{"@id":"https:\/\/www.muehle-glashuette.de\/#website"},"datePublished":"2021-07-05T07:45:58+00:00","dateModified":"2026-03-09T14:10:33+00:00","description":"150 years of German watchmaking: M\u00fchle-Glash\u00fctte stands for precision, durability & perfect readability \u2013 handcrafted in Glash\u00fctte.","breadcrumb":{"@id":"https:\/\/www.muehle-glashuette.de\/en\/#breadcrumb"},"inLanguage":"en-US","potentialAction":[{"@type":"ReadAction","target":["https:\/\/www.muehle-glashuette.de\/en\/"]}]},{"@type":"BreadcrumbList","@id":"https:\/\/www.muehle-glashuette.de\/en\/#breadcrumb","itemListElement":[{"@type":"ListItem","position":1,"name":"Home","item":"https:\/\/www.muehle-glashuette.de\/en\/"},{"@type":"ListItem","position":2,"name":"Startseite"}]},{"@type":"WebSite","@id":"https:\/\/www.muehle-glashuette.de\/#website","url":"https:\/\/www.muehle-glashuette.de\/","name":"M\u00fchle-Glash\u00fctte","description":"","publisher":{"@id":"https:\/\/www.muehle-glashuette.de\/#organization"},"potentialAction":[{"@type":"SearchAction","target":{"@type":"EntryPoint","urlTemplate":"https:\/\/www.muehle-glashuette.de\/?s={search_term_string}"},"query-input":{"@type":"PropertyValueSpecification","valueRequired":true,"valueName":"search_term_string"}}],"inLanguage":"en-US"},{"@type":"Organization","@id":"https:\/\/www.muehle-glashuette.de\/#organization","name":"M\u00fchle-Glash\u00fctte","url":"https:\/\/www.muehle-glashuette.de\/","logo":{"@type":"ImageObject","inLanguage":"en-US","@id":"https:\/\/www.muehle-glashuette.de\/#\/schema\/logo\/image\/","url":"https:\/\/www.muehle-glashuette.de\/wp-content\/uploads\/mg-logo-mail-1.png","contentUrl":"https:\/\/www.muehle-glashuette.de\/wp-content\/uploads\/mg-logo-mail-1.png","width":600,"height":173,"caption":"M\u00fchle-Glash\u00fctte"},"image":{"@id":"https:\/\/www.muehle-glashuette.de\/#\/schema\/logo\/image\/"}}]}},"_links":{"self":[{"href":"https:\/\/www.muehle-glashuette.de\/en\/wp-json\/wp\/v2\/pages\/8423","targetHints":{"allow":["GET"]}}],"collection":[{"href":"https:\/\/www.muehle-glashuette.de\/en\/wp-json\/wp\/v2\/pages"}],"about":[{"href":"https:\/\/www.muehle-glashuette.de\/en\/wp-json\/wp\/v2\/types\/page"}],"author":[{"embeddable":true,"href":"https:\/\/www.muehle-glashuette.de\/en\/wp-json\/wp\/v2\/users\/2"}],"replies":[{"embeddable":true,"href":"https:\/\/www.muehle-glashuette.de\/en\/wp-json\/wp\/v2\/comments?post=8423"}],"version-history":[{"count":0,"href":"https:\/\/www.muehle-glashuette.de\/en\/wp-json\/wp\/v2\/pages\/8423\/revisions"}],"wp:attachment":[{"href":"https:\/\/www.muehle-glashuette.de\/en\/wp-json\/wp\/v2\/media?parent=8423"}],"curies":[{"name":"wp","href":"https:\/\/api.w.org\/{rel}","templated":true}]}}