{"id":14944,"date":"2023-11-16T12:02:08","date_gmt":"2023-11-16T11:02:08","guid":{"rendered":"https:\/\/www.muehle-glashuette.de\/uhr\/panova-turquoise-blue\/"},"modified":"2026-02-20T14:39:35","modified_gmt":"2026-02-20T13:39:35","slug":"panova-turquoise-blue-milanese-bracelet","status":"publish","type":"product","link":"https:\/\/www.muehle-glashuette.de\/en\/watch\/panova-turquoise-blue-milanese-bracelet\/","title":{"rendered":"Panova Turquoise Blue"},"content":{"rendered":"","protected":false},"excerpt":{"rendered":"<p><span class=\"Apple-converted-space\">The Panova Turquoise Blue exudes the charm of the South Seas: white like the narrow beaches of a small island, the hands coated with Super-LumiNova stand out against the turquoise blue dial. As if the white sand were shimmering through the flat sea or clouds were casting their shadows on its surface, this time appears lighter, sometimes darker. All those who now feel like going on vacation can be assured: Of course, the Panova Turquoise also shines with the excellent watch-life balance.<\/span><\/p>\n","protected":false},"featured_media":14885,"template":"","meta":{"_acf_changed":false},"product_brand":[],"product_cat":[59],"product_tag":[428],"class_list":{"0":"post-14944","1":"product","2":"type-product","3":"status-publish","4":"has-post-thumbnail","6":"product_cat-panova","7":"product_tag-panova-en","9":"first","10":"instock","11":"taxable","12":"shipping-taxable","13":"purchasable","14":"product-type-simple"},"acf":[],"yoast_head":"<!-- This site is optimized with the Yoast SEO plugin v27.4 - https:\/\/yoast.com\/product\/yoast-seo-wordpress\/ -->\n<title>Panova turquoise blue | trendy automatic watch | M\u00fchle-Glash\u00fctte<\/title>\n<meta name=\"description\" content=\"Entry-level watch in fashionable turquoise with Milanese bracelet - beautiful and precise \u2713 Automatic watch \u2713 Panova turquoise blue | M\u00fchle-Glash\u00fctte\" \/>\n<meta name=\"robots\" content=\"index, follow, max-snippet:-1, max-image-preview:large, max-video-preview:-1\" \/>\n<meta property=\"og:locale\" content=\"en_US\" \/>\n<meta property=\"og:type\" content=\"article\" \/>\n<meta property=\"og:title\" content=\"Panova turquoise blue | trendy automatic watch | M\u00fchle-Glash\u00fctte\" \/>\n<meta property=\"og:description\" content=\"Entry-level watch in fashionable turquoise with Milanese bracelet - beautiful and precise \u2713 Automatic watch \u2713 Panova turquoise blue | M\u00fchle-Glash\u00fctte\" \/>\n<meta property=\"og:url\" content=\"https:\/\/www.muehle-glashuette.de\/en\/watch\/panova-turquoise-blue-milanese-bracelet\/\" \/>\n<meta property=\"og:site_name\" content=\"M\u00fchle-Glash\u00fctte\" \/>\n<meta property=\"article:modified_time\" content=\"2026-02-20T13:39:35+00:00\" \/>\n<meta property=\"og:image\" content=\"https:\/\/www.muehle-glashuette.de\/wp-content\/uploads\/Panova_Tuerkisblau_M1-40-79-MB_Freisteller.png\" \/>\n\t<meta property=\"og:image:width\" content=\"720\" \/>\n\t<meta property=\"og:image:height\" content=\"1080\" \/>\n\t<meta property=\"og:image:type\" content=\"image\/png\" \/>\n<meta name=\"twitter:card\" content=\"summary_large_image\" \/>\n<script type=\"application\/ld+json\" class=\"yoast-schema-graph\">{\"@context\":\"https:\\\/\\\/schema.org\",\"@graph\":[{\"@type\":\"WebPage\",\"@id\":\"https:\\\/\\\/www.muehle-glashuette.de\\\/en\\\/watch\\\/panova-turquoise-blue-milanese-bracelet\\\/\",\"url\":\"https:\\\/\\\/www.muehle-glashuette.de\\\/en\\\/watch\\\/panova-turquoise-blue-milanese-bracelet\\\/\",\"name\":\"Panova turquoise blue | trendy automatic watch | M\u00fchle-Glash\u00fctte\",\"isPartOf\":{\"@id\":\"https:\\\/\\\/www.muehle-glashuette.de\\\/#website\"},\"primaryImageOfPage\":{\"@id\":\"https:\\\/\\\/www.muehle-glashuette.de\\\/en\\\/watch\\\/panova-turquoise-blue-milanese-bracelet\\\/#primaryimage\"},\"image\":{\"@id\":\"https:\\\/\\\/www.muehle-glashuette.de\\\/en\\\/watch\\\/panova-turquoise-blue-milanese-bracelet\\\/#primaryimage\"},\"thumbnailUrl\":\"https:\\\/\\\/www.muehle-glashuette.de\\\/wp-content\\\/uploads\\\/Panova_Tuerkisblau_M1-40-79-MB_Freisteller.png\",\"datePublished\":\"2023-11-16T11:02:08+00:00\",\"dateModified\":\"2026-02-20T13:39:35+00:00\",\"description\":\"Entry-level watch in fashionable turquoise with Milanese bracelet - beautiful and precise \u2713 Automatic watch \u2713 Panova turquoise blue | M\u00fchle-Glash\u00fctte\",\"breadcrumb\":{\"@id\":\"https:\\\/\\\/www.muehle-glashuette.de\\\/en\\\/watch\\\/panova-turquoise-blue-milanese-bracelet\\\/#breadcrumb\"},\"inLanguage\":\"en-US\",\"potentialAction\":[{\"@type\":\"ReadAction\",\"target\":[\"https:\\\/\\\/www.muehle-glashuette.de\\\/en\\\/watch\\\/panova-turquoise-blue-milanese-bracelet\\\/\"]}]},{\"@type\":\"ImageObject\",\"inLanguage\":\"en-US\",\"@id\":\"https:\\\/\\\/www.muehle-glashuette.de\\\/en\\\/watch\\\/panova-turquoise-blue-milanese-bracelet\\\/#primaryimage\",\"url\":\"https:\\\/\\\/www.muehle-glashuette.de\\\/wp-content\\\/uploads\\\/Panova_Tuerkisblau_M1-40-79-MB_Freisteller.png\",\"contentUrl\":\"https:\\\/\\\/www.muehle-glashuette.de\\\/wp-content\\\/uploads\\\/Panova_Tuerkisblau_M1-40-79-MB_Freisteller.png\",\"width\":720,\"height\":1080,\"caption\":\"Panova T\u00fcrkis: Armbanduhr mit einem t\u00fcrkisen Zifferblatt, silbernem Geh\u00e4use und silbernem Milanaisearmband.\"},{\"@type\":\"BreadcrumbList\",\"@id\":\"https:\\\/\\\/www.muehle-glashuette.de\\\/en\\\/watch\\\/panova-turquoise-blue-milanese-bracelet\\\/#breadcrumb\",\"itemListElement\":[{\"@type\":\"ListItem\",\"position\":1,\"name\":\"Home\",\"item\":\"https:\\\/\\\/www.muehle-glashuette.de\\\/en\\\/\"},{\"@type\":\"ListItem\",\"position\":2,\"name\":\"Privat: Shop\",\"item\":\"https:\\\/\\\/www.muehle-glashuette.de\\\/?page_id=6\"},{\"@type\":\"ListItem\",\"position\":3,\"name\":\"Panova Turquoise Blue\"}]},{\"@type\":\"WebSite\",\"@id\":\"https:\\\/\\\/www.muehle-glashuette.de\\\/#website\",\"url\":\"https:\\\/\\\/www.muehle-glashuette.de\\\/\",\"name\":\"M\u00fchle-Glash\u00fctte\",\"description\":\"\",\"publisher\":{\"@id\":\"https:\\\/\\\/www.muehle-glashuette.de\\\/#organization\"},\"potentialAction\":[{\"@type\":\"SearchAction\",\"target\":{\"@type\":\"EntryPoint\",\"urlTemplate\":\"https:\\\/\\\/www.muehle-glashuette.de\\\/?s={search_term_string}\"},\"query-input\":{\"@type\":\"PropertyValueSpecification\",\"valueRequired\":true,\"valueName\":\"search_term_string\"}}],\"inLanguage\":\"en-US\"},{\"@type\":\"Organization\",\"@id\":\"https:\\\/\\\/www.muehle-glashuette.de\\\/#organization\",\"name\":\"M\u00fchle-Glash\u00fctte\",\"url\":\"https:\\\/\\\/www.muehle-glashuette.de\\\/\",\"logo\":{\"@type\":\"ImageObject\",\"inLanguage\":\"en-US\",\"@id\":\"https:\\\/\\\/www.muehle-glashuette.de\\\/#\\\/schema\\\/logo\\\/image\\\/\",\"url\":\"https:\\\/\\\/www.muehle-glashuette.de\\\/wp-content\\\/uploads\\\/mg-logo-mail-1.png\",\"contentUrl\":\"https:\\\/\\\/www.muehle-glashuette.de\\\/wp-content\\\/uploads\\\/mg-logo-mail-1.png\",\"width\":600,\"height\":173,\"caption\":\"M\u00fchle-Glash\u00fctte\"},\"image\":{\"@id\":\"https:\\\/\\\/www.muehle-glashuette.de\\\/#\\\/schema\\\/logo\\\/image\\\/\"}}]}<\/script>\n<!-- \/ Yoast SEO plugin. -->","yoast_head_json":{"title":"Panova turquoise blue | trendy automatic watch | M\u00fchle-Glash\u00fctte","description":"Entry-level watch in fashionable turquoise with Milanese bracelet - beautiful and precise \u2713 Automatic watch \u2713 Panova turquoise blue | M\u00fchle-Glash\u00fctte","robots":{"index":"index","follow":"follow","max-snippet":"max-snippet:-1","max-image-preview":"max-image-preview:large","max-video-preview":"max-video-preview:-1"},"og_locale":"en_US","og_type":"article","og_title":"Panova turquoise blue | trendy automatic watch | M\u00fchle-Glash\u00fctte","og_description":"Entry-level watch in fashionable turquoise with Milanese bracelet - beautiful and precise \u2713 Automatic watch \u2713 Panova turquoise blue | M\u00fchle-Glash\u00fctte","og_url":"https:\/\/www.muehle-glashuette.de\/en\/watch\/panova-turquoise-blue-milanese-bracelet\/","og_site_name":"M\u00fchle-Glash\u00fctte","article_modified_time":"2026-02-20T13:39:35+00:00","og_image":[{"width":720,"height":1080,"url":"https:\/\/www.muehle-glashuette.de\/wp-content\/uploads\/Panova_Tuerkisblau_M1-40-79-MB_Freisteller.png","type":"image\/png"}],"twitter_card":"summary_large_image","schema":{"@context":"https:\/\/schema.org","@graph":[{"@type":"WebPage","@id":"https:\/\/www.muehle-glashuette.de\/en\/watch\/panova-turquoise-blue-milanese-bracelet\/","url":"https:\/\/www.muehle-glashuette.de\/en\/watch\/panova-turquoise-blue-milanese-bracelet\/","name":"Panova turquoise blue | trendy automatic watch | M\u00fchle-Glash\u00fctte","isPartOf":{"@id":"https:\/\/www.muehle-glashuette.de\/#website"},"primaryImageOfPage":{"@id":"https:\/\/www.muehle-glashuette.de\/en\/watch\/panova-turquoise-blue-milanese-bracelet\/#primaryimage"},"image":{"@id":"https:\/\/www.muehle-glashuette.de\/en\/watch\/panova-turquoise-blue-milanese-bracelet\/#primaryimage"},"thumbnailUrl":"https:\/\/www.muehle-glashuette.de\/wp-content\/uploads\/Panova_Tuerkisblau_M1-40-79-MB_Freisteller.png","datePublished":"2023-11-16T11:02:08+00:00","dateModified":"2026-02-20T13:39:35+00:00","description":"Entry-level watch in fashionable turquoise with Milanese bracelet - beautiful and precise \u2713 Automatic watch \u2713 Panova turquoise blue | M\u00fchle-Glash\u00fctte","breadcrumb":{"@id":"https:\/\/www.muehle-glashuette.de\/en\/watch\/panova-turquoise-blue-milanese-bracelet\/#breadcrumb"},"inLanguage":"en-US","potentialAction":[{"@type":"ReadAction","target":["https:\/\/www.muehle-glashuette.de\/en\/watch\/panova-turquoise-blue-milanese-bracelet\/"]}]},{"@type":"ImageObject","inLanguage":"en-US","@id":"https:\/\/www.muehle-glashuette.de\/en\/watch\/panova-turquoise-blue-milanese-bracelet\/#primaryimage","url":"https:\/\/www.muehle-glashuette.de\/wp-content\/uploads\/Panova_Tuerkisblau_M1-40-79-MB_Freisteller.png","contentUrl":"https:\/\/www.muehle-glashuette.de\/wp-content\/uploads\/Panova_Tuerkisblau_M1-40-79-MB_Freisteller.png","width":720,"height":1080,"caption":"Panova T\u00fcrkis: Armbanduhr mit einem t\u00fcrkisen Zifferblatt, silbernem Geh\u00e4use und silbernem Milanaisearmband."},{"@type":"BreadcrumbList","@id":"https:\/\/www.muehle-glashuette.de\/en\/watch\/panova-turquoise-blue-milanese-bracelet\/#breadcrumb","itemListElement":[{"@type":"ListItem","position":1,"name":"Home","item":"https:\/\/www.muehle-glashuette.de\/en\/"},{"@type":"ListItem","position":2,"name":"Privat: Shop","item":"https:\/\/www.muehle-glashuette.de\/?page_id=6"},{"@type":"ListItem","position":3,"name":"Panova Turquoise Blue"}]},{"@type":"WebSite","@id":"https:\/\/www.muehle-glashuette.de\/#website","url":"https:\/\/www.muehle-glashuette.de\/","name":"M\u00fchle-Glash\u00fctte","description":"","publisher":{"@id":"https:\/\/www.muehle-glashuette.de\/#organization"},"potentialAction":[{"@type":"SearchAction","target":{"@type":"EntryPoint","urlTemplate":"https:\/\/www.muehle-glashuette.de\/?s={search_term_string}"},"query-input":{"@type":"PropertyValueSpecification","valueRequired":true,"valueName":"search_term_string"}}],"inLanguage":"en-US"},{"@type":"Organization","@id":"https:\/\/www.muehle-glashuette.de\/#organization","name":"M\u00fchle-Glash\u00fctte","url":"https:\/\/www.muehle-glashuette.de\/","logo":{"@type":"ImageObject","inLanguage":"en-US","@id":"https:\/\/www.muehle-glashuette.de\/#\/schema\/logo\/image\/","url":"https:\/\/www.muehle-glashuette.de\/wp-content\/uploads\/mg-logo-mail-1.png","contentUrl":"https:\/\/www.muehle-glashuette.de\/wp-content\/uploads\/mg-logo-mail-1.png","width":600,"height":173,"caption":"M\u00fchle-Glash\u00fctte"},"image":{"@id":"https:\/\/www.muehle-glashuette.de\/#\/schema\/logo\/image\/"}}]}},"_links":{"self":[{"href":"https:\/\/www.muehle-glashuette.de\/en\/wp-json\/wp\/v2\/product\/14944","targetHints":{"allow":["GET"]}}],"collection":[{"href":"https:\/\/www.muehle-glashuette.de\/en\/wp-json\/wp\/v2\/product"}],"about":[{"href":"https:\/\/www.muehle-glashuette.de\/en\/wp-json\/wp\/v2\/types\/product"}],"wp:featuredmedia":[{"embeddable":true,"href":"https:\/\/www.muehle-glashuette.de\/en\/wp-json\/wp\/v2\/media\/14885"}],"wp:attachment":[{"href":"https:\/\/www.muehle-glashuette.de\/en\/wp-json\/wp\/v2\/media?parent=14944"}],"wp:term":[{"taxonomy":"product_brand","embeddable":true,"href":"https:\/\/www.muehle-glashuette.de\/en\/wp-json\/wp\/v2\/product_brand?post=14944"},{"taxonomy":"product_cat","embeddable":true,"href":"https:\/\/www.muehle-glashuette.de\/en\/wp-json\/wp\/v2\/product_cat?post=14944"},{"taxonomy":"product_tag","embeddable":true,"href":"https:\/\/www.muehle-glashuette.de\/en\/wp-json\/wp\/v2\/product_tag?post=14944"}],"curies":[{"name":"wp","href":"https:\/\/api.w.org\/{rel}","templated":true}]}}