{"id":16281,"date":"2024-02-16T12:42:59","date_gmt":"2024-02-16T11:42:59","guid":{"rendered":"https:\/\/www.muehle-glashuette.de\/uhr\/sportivo-travel-gmt\/"},"modified":"2026-02-20T14:01:07","modified_gmt":"2026-02-20T13:01:07","slug":"sportivo-travel-gmt-bracelet","status":"publish","type":"product","link":"https:\/\/www.muehle-glashuette.de\/en\/watch\/sportivo-travel-gmt-bracelet\/","title":{"rendered":"Sportivo Travel GMT"},"content":{"rendered":"","protected":false},"excerpt":{"rendered":"<p>It is the perfect everyday watch for anyone who likes to explore distant countries and keep an eye on the time at home. The second time zone is indicated by a discreet arrow hand that points to a raised ring with a 24-hour scale.<\/p>\n","protected":false},"featured_media":16482,"template":"","meta":{"_acf_changed":false},"product_brand":[],"product_cat":[113],"product_tag":[],"class_list":{"0":"post-16281","1":"product","2":"type-product","3":"status-publish","4":"has-post-thumbnail","6":"product_cat-sportivo-en","8":"first","9":"instock","10":"taxable","11":"shipping-taxable","12":"purchasable","13":"product-type-simple"},"acf":[],"yoast_head":"<!-- This site is optimized with the Yoast SEO plugin v27.2 - https:\/\/yoast.com\/product\/yoast-seo-wordpress\/ -->\n<title>Sportivo Travel GMT | Sports watch from M\u00fchle-Glash\u00fctte<\/title>\n<meta name=\"description\" content=\"Traveling with a mechanical sports watch from M\u00fchle-Glash\u00fctte with second time zone and metal bracelet | Perfect companion for leisure and business\" \/>\n<meta name=\"robots\" content=\"index, follow, max-snippet:-1, max-image-preview:large, max-video-preview:-1\" \/>\n<meta property=\"og:locale\" content=\"en_US\" \/>\n<meta property=\"og:type\" content=\"article\" \/>\n<meta property=\"og:title\" content=\"Sportivo Travel GMT | Sports watch from M\u00fchle-Glash\u00fctte\" \/>\n<meta property=\"og:description\" content=\"Traveling with a mechanical sports watch from M\u00fchle-Glash\u00fctte with second time zone and metal bracelet | Perfect companion for leisure and business\" \/>\n<meta property=\"og:url\" content=\"https:\/\/www.muehle-glashuette.de\/en\/watch\/sportivo-travel-gmt-bracelet\/\" \/>\n<meta property=\"og:site_name\" content=\"M\u00fchle-Glash\u00fctte\" \/>\n<meta property=\"article:modified_time\" content=\"2026-02-20T13:01:07+00:00\" \/>\n<meta property=\"og:image\" content=\"https:\/\/www.muehle-glashuette.de\/wp-content\/uploads\/Sportivo_Travel_GMT_M1-52-13-MB_Freisteller-1.png\" \/>\n\t<meta property=\"og:image:width\" content=\"720\" \/>\n\t<meta property=\"og:image:height\" content=\"1080\" \/>\n\t<meta property=\"og:image:type\" content=\"image\/png\" \/>\n<meta name=\"twitter:card\" content=\"summary_large_image\" \/>\n<script type=\"application\/ld+json\" class=\"yoast-schema-graph\">{\"@context\":\"https:\/\/schema.org\",\"@graph\":[{\"@type\":\"WebPage\",\"@id\":\"https:\/\/www.muehle-glashuette.de\/en\/watch\/sportivo-travel-gmt-bracelet\/\",\"url\":\"https:\/\/www.muehle-glashuette.de\/en\/watch\/sportivo-travel-gmt-bracelet\/\",\"name\":\"Sportivo Travel GMT | Sports watch from M\u00fchle-Glash\u00fctte\",\"isPartOf\":{\"@id\":\"https:\/\/www.muehle-glashuette.de\/#website\"},\"primaryImageOfPage\":{\"@id\":\"https:\/\/www.muehle-glashuette.de\/en\/watch\/sportivo-travel-gmt-bracelet\/#primaryimage\"},\"image\":{\"@id\":\"https:\/\/www.muehle-glashuette.de\/en\/watch\/sportivo-travel-gmt-bracelet\/#primaryimage\"},\"thumbnailUrl\":\"https:\/\/www.muehle-glashuette.de\/wp-content\/uploads\/Sportivo_Travel_GMT_M1-52-13-MB_Freisteller-1.png\",\"datePublished\":\"2024-02-16T11:42:59+00:00\",\"dateModified\":\"2026-02-20T13:01:07+00:00\",\"description\":\"Traveling with a mechanical sports watch from M\u00fchle-Glash\u00fctte with second time zone and metal bracelet | Perfect companion for leisure and business\",\"breadcrumb\":{\"@id\":\"https:\/\/www.muehle-glashuette.de\/en\/watch\/sportivo-travel-gmt-bracelet\/#breadcrumb\"},\"inLanguage\":\"en-US\",\"potentialAction\":[{\"@type\":\"ReadAction\",\"target\":[\"https:\/\/www.muehle-glashuette.de\/en\/watch\/sportivo-travel-gmt-bracelet\/\"]}]},{\"@type\":\"ImageObject\",\"inLanguage\":\"en-US\",\"@id\":\"https:\/\/www.muehle-glashuette.de\/en\/watch\/sportivo-travel-gmt-bracelet\/#primaryimage\",\"url\":\"https:\/\/www.muehle-glashuette.de\/wp-content\/uploads\/Sportivo_Travel_GMT_M1-52-13-MB_Freisteller-1.png\",\"contentUrl\":\"https:\/\/www.muehle-glashuette.de\/wp-content\/uploads\/Sportivo_Travel_GMT_M1-52-13-MB_Freisteller-1.png\",\"width\":720,\"height\":1080,\"caption\":\"Sportivo Travel GMT: Uhr mit schwarzem Zifferblatt und blauen Details, silbernem Geh\u00e4use und Metallband.\"},{\"@type\":\"BreadcrumbList\",\"@id\":\"https:\/\/www.muehle-glashuette.de\/en\/watch\/sportivo-travel-gmt-bracelet\/#breadcrumb\",\"itemListElement\":[{\"@type\":\"ListItem\",\"position\":1,\"name\":\"Home\",\"item\":\"https:\/\/www.muehle-glashuette.de\/en\/\"},{\"@type\":\"ListItem\",\"position\":2,\"name\":\"Privat: Shop\",\"item\":\"https:\/\/www.muehle-glashuette.de\/?page_id=6\"},{\"@type\":\"ListItem\",\"position\":3,\"name\":\"Sportivo Travel GMT\"}]},{\"@type\":\"WebSite\",\"@id\":\"https:\/\/www.muehle-glashuette.de\/#website\",\"url\":\"https:\/\/www.muehle-glashuette.de\/\",\"name\":\"M\u00fchle-Glash\u00fctte\",\"description\":\"\",\"publisher\":{\"@id\":\"https:\/\/www.muehle-glashuette.de\/#organization\"},\"potentialAction\":[{\"@type\":\"SearchAction\",\"target\":{\"@type\":\"EntryPoint\",\"urlTemplate\":\"https:\/\/www.muehle-glashuette.de\/?s={search_term_string}\"},\"query-input\":{\"@type\":\"PropertyValueSpecification\",\"valueRequired\":true,\"valueName\":\"search_term_string\"}}],\"inLanguage\":\"en-US\"},{\"@type\":\"Organization\",\"@id\":\"https:\/\/www.muehle-glashuette.de\/#organization\",\"name\":\"M\u00fchle-Glash\u00fctte\",\"url\":\"https:\/\/www.muehle-glashuette.de\/\",\"logo\":{\"@type\":\"ImageObject\",\"inLanguage\":\"en-US\",\"@id\":\"https:\/\/www.muehle-glashuette.de\/#\/schema\/logo\/image\/\",\"url\":\"https:\/\/www.muehle-glashuette.de\/wp-content\/uploads\/mg-logo-mail-1.png\",\"contentUrl\":\"https:\/\/www.muehle-glashuette.de\/wp-content\/uploads\/mg-logo-mail-1.png\",\"width\":600,\"height\":173,\"caption\":\"M\u00fchle-Glash\u00fctte\"},\"image\":{\"@id\":\"https:\/\/www.muehle-glashuette.de\/#\/schema\/logo\/image\/\"}}]}<\/script>\n<!-- \/ Yoast SEO plugin. -->","yoast_head_json":{"title":"Sportivo Travel GMT | Sports watch from M\u00fchle-Glash\u00fctte","description":"Traveling with a mechanical sports watch from M\u00fchle-Glash\u00fctte with second time zone and metal bracelet | Perfect companion for leisure and business","robots":{"index":"index","follow":"follow","max-snippet":"max-snippet:-1","max-image-preview":"max-image-preview:large","max-video-preview":"max-video-preview:-1"},"og_locale":"en_US","og_type":"article","og_title":"Sportivo Travel GMT | Sports watch from M\u00fchle-Glash\u00fctte","og_description":"Traveling with a mechanical sports watch from M\u00fchle-Glash\u00fctte with second time zone and metal bracelet | Perfect companion for leisure and business","og_url":"https:\/\/www.muehle-glashuette.de\/en\/watch\/sportivo-travel-gmt-bracelet\/","og_site_name":"M\u00fchle-Glash\u00fctte","article_modified_time":"2026-02-20T13:01:07+00:00","og_image":[{"width":720,"height":1080,"url":"https:\/\/www.muehle-glashuette.de\/wp-content\/uploads\/Sportivo_Travel_GMT_M1-52-13-MB_Freisteller-1.png","type":"image\/png"}],"twitter_card":"summary_large_image","schema":{"@context":"https:\/\/schema.org","@graph":[{"@type":"WebPage","@id":"https:\/\/www.muehle-glashuette.de\/en\/watch\/sportivo-travel-gmt-bracelet\/","url":"https:\/\/www.muehle-glashuette.de\/en\/watch\/sportivo-travel-gmt-bracelet\/","name":"Sportivo Travel GMT | Sports watch from M\u00fchle-Glash\u00fctte","isPartOf":{"@id":"https:\/\/www.muehle-glashuette.de\/#website"},"primaryImageOfPage":{"@id":"https:\/\/www.muehle-glashuette.de\/en\/watch\/sportivo-travel-gmt-bracelet\/#primaryimage"},"image":{"@id":"https:\/\/www.muehle-glashuette.de\/en\/watch\/sportivo-travel-gmt-bracelet\/#primaryimage"},"thumbnailUrl":"https:\/\/www.muehle-glashuette.de\/wp-content\/uploads\/Sportivo_Travel_GMT_M1-52-13-MB_Freisteller-1.png","datePublished":"2024-02-16T11:42:59+00:00","dateModified":"2026-02-20T13:01:07+00:00","description":"Traveling with a mechanical sports watch from M\u00fchle-Glash\u00fctte with second time zone and metal bracelet | Perfect companion for leisure and business","breadcrumb":{"@id":"https:\/\/www.muehle-glashuette.de\/en\/watch\/sportivo-travel-gmt-bracelet\/#breadcrumb"},"inLanguage":"en-US","potentialAction":[{"@type":"ReadAction","target":["https:\/\/www.muehle-glashuette.de\/en\/watch\/sportivo-travel-gmt-bracelet\/"]}]},{"@type":"ImageObject","inLanguage":"en-US","@id":"https:\/\/www.muehle-glashuette.de\/en\/watch\/sportivo-travel-gmt-bracelet\/#primaryimage","url":"https:\/\/www.muehle-glashuette.de\/wp-content\/uploads\/Sportivo_Travel_GMT_M1-52-13-MB_Freisteller-1.png","contentUrl":"https:\/\/www.muehle-glashuette.de\/wp-content\/uploads\/Sportivo_Travel_GMT_M1-52-13-MB_Freisteller-1.png","width":720,"height":1080,"caption":"Sportivo Travel GMT: Uhr mit schwarzem Zifferblatt und blauen Details, silbernem Geh\u00e4use und Metallband."},{"@type":"BreadcrumbList","@id":"https:\/\/www.muehle-glashuette.de\/en\/watch\/sportivo-travel-gmt-bracelet\/#breadcrumb","itemListElement":[{"@type":"ListItem","position":1,"name":"Home","item":"https:\/\/www.muehle-glashuette.de\/en\/"},{"@type":"ListItem","position":2,"name":"Privat: Shop","item":"https:\/\/www.muehle-glashuette.de\/?page_id=6"},{"@type":"ListItem","position":3,"name":"Sportivo Travel GMT"}]},{"@type":"WebSite","@id":"https:\/\/www.muehle-glashuette.de\/#website","url":"https:\/\/www.muehle-glashuette.de\/","name":"M\u00fchle-Glash\u00fctte","description":"","publisher":{"@id":"https:\/\/www.muehle-glashuette.de\/#organization"},"potentialAction":[{"@type":"SearchAction","target":{"@type":"EntryPoint","urlTemplate":"https:\/\/www.muehle-glashuette.de\/?s={search_term_string}"},"query-input":{"@type":"PropertyValueSpecification","valueRequired":true,"valueName":"search_term_string"}}],"inLanguage":"en-US"},{"@type":"Organization","@id":"https:\/\/www.muehle-glashuette.de\/#organization","name":"M\u00fchle-Glash\u00fctte","url":"https:\/\/www.muehle-glashuette.de\/","logo":{"@type":"ImageObject","inLanguage":"en-US","@id":"https:\/\/www.muehle-glashuette.de\/#\/schema\/logo\/image\/","url":"https:\/\/www.muehle-glashuette.de\/wp-content\/uploads\/mg-logo-mail-1.png","contentUrl":"https:\/\/www.muehle-glashuette.de\/wp-content\/uploads\/mg-logo-mail-1.png","width":600,"height":173,"caption":"M\u00fchle-Glash\u00fctte"},"image":{"@id":"https:\/\/www.muehle-glashuette.de\/#\/schema\/logo\/image\/"}}]}},"_links":{"self":[{"href":"https:\/\/www.muehle-glashuette.de\/en\/wp-json\/wp\/v2\/product\/16281","targetHints":{"allow":["GET"]}}],"collection":[{"href":"https:\/\/www.muehle-glashuette.de\/en\/wp-json\/wp\/v2\/product"}],"about":[{"href":"https:\/\/www.muehle-glashuette.de\/en\/wp-json\/wp\/v2\/types\/product"}],"wp:featuredmedia":[{"embeddable":true,"href":"https:\/\/www.muehle-glashuette.de\/en\/wp-json\/wp\/v2\/media\/16482"}],"wp:attachment":[{"href":"https:\/\/www.muehle-glashuette.de\/en\/wp-json\/wp\/v2\/media?parent=16281"}],"wp:term":[{"taxonomy":"product_brand","embeddable":true,"href":"https:\/\/www.muehle-glashuette.de\/en\/wp-json\/wp\/v2\/product_brand?post=16281"},{"taxonomy":"product_cat","embeddable":true,"href":"https:\/\/www.muehle-glashuette.de\/en\/wp-json\/wp\/v2\/product_cat?post=16281"},{"taxonomy":"product_tag","embeddable":true,"href":"https:\/\/www.muehle-glashuette.de\/en\/wp-json\/wp\/v2\/product_tag?post=16281"}],"curies":[{"name":"wp","href":"https:\/\/api.w.org\/{rel}","templated":true}]}}