{"id":16300,"date":"2024-02-16T13:13:37","date_gmt":"2024-02-16T12:13:37","guid":{"rendered":"https:\/\/www.muehle-glashuette.de\/uhr\/sportivo-compass-date\/"},"modified":"2026-02-20T14:00:58","modified_gmt":"2026-02-20T13:00:58","slug":"sportivo-compass-date-bracelet","status":"publish","type":"product","link":"https:\/\/www.muehle-glashuette.de\/en\/watch\/sportivo-compass-date-bracelet\/","title":{"rendered":"Sportivo Compass Date"},"content":{"rendered":"","protected":false},"excerpt":{"rendered":"<p>The Sportivo Compass Date is all about varied outdoor adventures. With its bidirectional rotating compass bezel, the new M\u00fchle sports watch is ideal for extended trekking tours. It also allows the direction of the compass to be determined when a flat battery makes navigation via smartphone impossible.<\/p>\n","protected":false},"featured_media":22317,"template":"","meta":{"_acf_changed":false},"product_brand":[],"product_cat":[113],"product_tag":[],"class_list":{"0":"post-16300","1":"product","2":"type-product","3":"status-publish","4":"has-post-thumbnail","6":"product_cat-sportivo-en","8":"first","9":"instock","10":"taxable","11":"shipping-taxable","12":"purchasable","13":"product-type-simple"},"acf":[],"yoast_head":"<!-- This site is optimized with the Yoast SEO plugin v27.2 - https:\/\/yoast.com\/product\/yoast-seo-wordpress\/ -->\n<title>Sportivo Compass Date | Sports watch from M\u00fchle-Glash\u00fctte<\/title>\n<meta name=\"description\" content=\"Mechanical sports watch from M\u00fchle-Glash\u00fctte with compass, date and metal strap | Ideal for hiking and cycling | Perfect work-life balance\" \/>\n<meta name=\"robots\" content=\"index, follow, max-snippet:-1, max-image-preview:large, max-video-preview:-1\" \/>\n<meta property=\"og:locale\" content=\"en_US\" \/>\n<meta property=\"og:type\" content=\"article\" \/>\n<meta property=\"og:title\" content=\"Sportivo Compass Date | Sports watch from M\u00fchle-Glash\u00fctte\" \/>\n<meta property=\"og:description\" content=\"Mechanical sports watch from M\u00fchle-Glash\u00fctte with compass, date and metal strap | Ideal for hiking and cycling | Perfect work-life balance\" \/>\n<meta property=\"og:url\" content=\"https:\/\/www.muehle-glashuette.de\/en\/watch\/sportivo-compass-date-bracelet\/\" \/>\n<meta property=\"og:site_name\" content=\"M\u00fchle-Glash\u00fctte\" \/>\n<meta property=\"article:modified_time\" content=\"2026-02-20T13:00:58+00:00\" \/>\n<meta property=\"og:image\" content=\"https:\/\/www.muehle-glashuette.de\/wp-content\/uploads\/Sportivo-Compass-Datum-M1-52-22-MB-Freisteller.png\" \/>\n\t<meta property=\"og:image:width\" content=\"720\" \/>\n\t<meta property=\"og:image:height\" content=\"1080\" \/>\n\t<meta property=\"og:image:type\" content=\"image\/png\" \/>\n<meta name=\"twitter:card\" content=\"summary_large_image\" \/>\n<script type=\"application\/ld+json\" class=\"yoast-schema-graph\">{\"@context\":\"https:\/\/schema.org\",\"@graph\":[{\"@type\":\"WebPage\",\"@id\":\"https:\/\/www.muehle-glashuette.de\/en\/watch\/sportivo-compass-date-bracelet\/\",\"url\":\"https:\/\/www.muehle-glashuette.de\/en\/watch\/sportivo-compass-date-bracelet\/\",\"name\":\"Sportivo Compass Date | Sports watch from M\u00fchle-Glash\u00fctte\",\"isPartOf\":{\"@id\":\"https:\/\/www.muehle-glashuette.de\/#website\"},\"primaryImageOfPage\":{\"@id\":\"https:\/\/www.muehle-glashuette.de\/en\/watch\/sportivo-compass-date-bracelet\/#primaryimage\"},\"image\":{\"@id\":\"https:\/\/www.muehle-glashuette.de\/en\/watch\/sportivo-compass-date-bracelet\/#primaryimage\"},\"thumbnailUrl\":\"https:\/\/www.muehle-glashuette.de\/wp-content\/uploads\/Sportivo-Compass-Datum-M1-52-22-MB-Freisteller.png\",\"datePublished\":\"2024-02-16T12:13:37+00:00\",\"dateModified\":\"2026-02-20T13:00:58+00:00\",\"description\":\"Mechanical sports watch from M\u00fchle-Glash\u00fctte with compass, date and metal strap | Ideal for hiking and cycling | Perfect work-life balance\",\"breadcrumb\":{\"@id\":\"https:\/\/www.muehle-glashuette.de\/en\/watch\/sportivo-compass-date-bracelet\/#breadcrumb\"},\"inLanguage\":\"en-US\",\"potentialAction\":[{\"@type\":\"ReadAction\",\"target\":[\"https:\/\/www.muehle-glashuette.de\/en\/watch\/sportivo-compass-date-bracelet\/\"]}]},{\"@type\":\"ImageObject\",\"inLanguage\":\"en-US\",\"@id\":\"https:\/\/www.muehle-glashuette.de\/en\/watch\/sportivo-compass-date-bracelet\/#primaryimage\",\"url\":\"https:\/\/www.muehle-glashuette.de\/wp-content\/uploads\/Sportivo-Compass-Datum-M1-52-22-MB-Freisteller.png\",\"contentUrl\":\"https:\/\/www.muehle-glashuette.de\/wp-content\/uploads\/Sportivo-Compass-Datum-M1-52-22-MB-Freisteller.png\",\"width\":720,\"height\":1080,\"caption\":\"Front view Sportivo Compass Date \u2013 Three-hand sports watch with a light to dark blue textured dial, green accents and compass bezel. Stainless steel bracelet.\"},{\"@type\":\"BreadcrumbList\",\"@id\":\"https:\/\/www.muehle-glashuette.de\/en\/watch\/sportivo-compass-date-bracelet\/#breadcrumb\",\"itemListElement\":[{\"@type\":\"ListItem\",\"position\":1,\"name\":\"Home\",\"item\":\"https:\/\/www.muehle-glashuette.de\/en\/\"},{\"@type\":\"ListItem\",\"position\":2,\"name\":\"Privat: Shop\",\"item\":\"https:\/\/www.muehle-glashuette.de\/?page_id=6\"},{\"@type\":\"ListItem\",\"position\":3,\"name\":\"Sportivo Compass Date\"}]},{\"@type\":\"WebSite\",\"@id\":\"https:\/\/www.muehle-glashuette.de\/#website\",\"url\":\"https:\/\/www.muehle-glashuette.de\/\",\"name\":\"M\u00fchle-Glash\u00fctte\",\"description\":\"\",\"publisher\":{\"@id\":\"https:\/\/www.muehle-glashuette.de\/#organization\"},\"potentialAction\":[{\"@type\":\"SearchAction\",\"target\":{\"@type\":\"EntryPoint\",\"urlTemplate\":\"https:\/\/www.muehle-glashuette.de\/?s={search_term_string}\"},\"query-input\":{\"@type\":\"PropertyValueSpecification\",\"valueRequired\":true,\"valueName\":\"search_term_string\"}}],\"inLanguage\":\"en-US\"},{\"@type\":\"Organization\",\"@id\":\"https:\/\/www.muehle-glashuette.de\/#organization\",\"name\":\"M\u00fchle-Glash\u00fctte\",\"url\":\"https:\/\/www.muehle-glashuette.de\/\",\"logo\":{\"@type\":\"ImageObject\",\"inLanguage\":\"en-US\",\"@id\":\"https:\/\/www.muehle-glashuette.de\/#\/schema\/logo\/image\/\",\"url\":\"https:\/\/www.muehle-glashuette.de\/wp-content\/uploads\/mg-logo-mail-1.png\",\"contentUrl\":\"https:\/\/www.muehle-glashuette.de\/wp-content\/uploads\/mg-logo-mail-1.png\",\"width\":600,\"height\":173,\"caption\":\"M\u00fchle-Glash\u00fctte\"},\"image\":{\"@id\":\"https:\/\/www.muehle-glashuette.de\/#\/schema\/logo\/image\/\"}}]}<\/script>\n<!-- \/ Yoast SEO plugin. -->","yoast_head_json":{"title":"Sportivo Compass Date | Sports watch from M\u00fchle-Glash\u00fctte","description":"Mechanical sports watch from M\u00fchle-Glash\u00fctte with compass, date and metal strap | Ideal for hiking and cycling | Perfect work-life balance","robots":{"index":"index","follow":"follow","max-snippet":"max-snippet:-1","max-image-preview":"max-image-preview:large","max-video-preview":"max-video-preview:-1"},"og_locale":"en_US","og_type":"article","og_title":"Sportivo Compass Date | Sports watch from M\u00fchle-Glash\u00fctte","og_description":"Mechanical sports watch from M\u00fchle-Glash\u00fctte with compass, date and metal strap | Ideal for hiking and cycling | Perfect work-life balance","og_url":"https:\/\/www.muehle-glashuette.de\/en\/watch\/sportivo-compass-date-bracelet\/","og_site_name":"M\u00fchle-Glash\u00fctte","article_modified_time":"2026-02-20T13:00:58+00:00","og_image":[{"width":720,"height":1080,"url":"https:\/\/www.muehle-glashuette.de\/wp-content\/uploads\/Sportivo-Compass-Datum-M1-52-22-MB-Freisteller.png","type":"image\/png"}],"twitter_card":"summary_large_image","schema":{"@context":"https:\/\/schema.org","@graph":[{"@type":"WebPage","@id":"https:\/\/www.muehle-glashuette.de\/en\/watch\/sportivo-compass-date-bracelet\/","url":"https:\/\/www.muehle-glashuette.de\/en\/watch\/sportivo-compass-date-bracelet\/","name":"Sportivo Compass Date | Sports watch from M\u00fchle-Glash\u00fctte","isPartOf":{"@id":"https:\/\/www.muehle-glashuette.de\/#website"},"primaryImageOfPage":{"@id":"https:\/\/www.muehle-glashuette.de\/en\/watch\/sportivo-compass-date-bracelet\/#primaryimage"},"image":{"@id":"https:\/\/www.muehle-glashuette.de\/en\/watch\/sportivo-compass-date-bracelet\/#primaryimage"},"thumbnailUrl":"https:\/\/www.muehle-glashuette.de\/wp-content\/uploads\/Sportivo-Compass-Datum-M1-52-22-MB-Freisteller.png","datePublished":"2024-02-16T12:13:37+00:00","dateModified":"2026-02-20T13:00:58+00:00","description":"Mechanical sports watch from M\u00fchle-Glash\u00fctte with compass, date and metal strap | Ideal for hiking and cycling | Perfect work-life balance","breadcrumb":{"@id":"https:\/\/www.muehle-glashuette.de\/en\/watch\/sportivo-compass-date-bracelet\/#breadcrumb"},"inLanguage":"en-US","potentialAction":[{"@type":"ReadAction","target":["https:\/\/www.muehle-glashuette.de\/en\/watch\/sportivo-compass-date-bracelet\/"]}]},{"@type":"ImageObject","inLanguage":"en-US","@id":"https:\/\/www.muehle-glashuette.de\/en\/watch\/sportivo-compass-date-bracelet\/#primaryimage","url":"https:\/\/www.muehle-glashuette.de\/wp-content\/uploads\/Sportivo-Compass-Datum-M1-52-22-MB-Freisteller.png","contentUrl":"https:\/\/www.muehle-glashuette.de\/wp-content\/uploads\/Sportivo-Compass-Datum-M1-52-22-MB-Freisteller.png","width":720,"height":1080,"caption":"Front view Sportivo Compass Date \u2013 Three-hand sports watch with a light to dark blue textured dial, green accents and compass bezel. Stainless steel bracelet."},{"@type":"BreadcrumbList","@id":"https:\/\/www.muehle-glashuette.de\/en\/watch\/sportivo-compass-date-bracelet\/#breadcrumb","itemListElement":[{"@type":"ListItem","position":1,"name":"Home","item":"https:\/\/www.muehle-glashuette.de\/en\/"},{"@type":"ListItem","position":2,"name":"Privat: Shop","item":"https:\/\/www.muehle-glashuette.de\/?page_id=6"},{"@type":"ListItem","position":3,"name":"Sportivo Compass Date"}]},{"@type":"WebSite","@id":"https:\/\/www.muehle-glashuette.de\/#website","url":"https:\/\/www.muehle-glashuette.de\/","name":"M\u00fchle-Glash\u00fctte","description":"","publisher":{"@id":"https:\/\/www.muehle-glashuette.de\/#organization"},"potentialAction":[{"@type":"SearchAction","target":{"@type":"EntryPoint","urlTemplate":"https:\/\/www.muehle-glashuette.de\/?s={search_term_string}"},"query-input":{"@type":"PropertyValueSpecification","valueRequired":true,"valueName":"search_term_string"}}],"inLanguage":"en-US"},{"@type":"Organization","@id":"https:\/\/www.muehle-glashuette.de\/#organization","name":"M\u00fchle-Glash\u00fctte","url":"https:\/\/www.muehle-glashuette.de\/","logo":{"@type":"ImageObject","inLanguage":"en-US","@id":"https:\/\/www.muehle-glashuette.de\/#\/schema\/logo\/image\/","url":"https:\/\/www.muehle-glashuette.de\/wp-content\/uploads\/mg-logo-mail-1.png","contentUrl":"https:\/\/www.muehle-glashuette.de\/wp-content\/uploads\/mg-logo-mail-1.png","width":600,"height":173,"caption":"M\u00fchle-Glash\u00fctte"},"image":{"@id":"https:\/\/www.muehle-glashuette.de\/#\/schema\/logo\/image\/"}}]}},"_links":{"self":[{"href":"https:\/\/www.muehle-glashuette.de\/en\/wp-json\/wp\/v2\/product\/16300","targetHints":{"allow":["GET"]}}],"collection":[{"href":"https:\/\/www.muehle-glashuette.de\/en\/wp-json\/wp\/v2\/product"}],"about":[{"href":"https:\/\/www.muehle-glashuette.de\/en\/wp-json\/wp\/v2\/types\/product"}],"wp:featuredmedia":[{"embeddable":true,"href":"https:\/\/www.muehle-glashuette.de\/en\/wp-json\/wp\/v2\/media\/22317"}],"wp:attachment":[{"href":"https:\/\/www.muehle-glashuette.de\/en\/wp-json\/wp\/v2\/media?parent=16300"}],"wp:term":[{"taxonomy":"product_brand","embeddable":true,"href":"https:\/\/www.muehle-glashuette.de\/en\/wp-json\/wp\/v2\/product_brand?post=16300"},{"taxonomy":"product_cat","embeddable":true,"href":"https:\/\/www.muehle-glashuette.de\/en\/wp-json\/wp\/v2\/product_cat?post=16300"},{"taxonomy":"product_tag","embeddable":true,"href":"https:\/\/www.muehle-glashuette.de\/en\/wp-json\/wp\/v2\/product_tag?post=16300"}],"curies":[{"name":"wp","href":"https:\/\/api.w.org\/{rel}","templated":true}]}}