{"id":19366,"date":"2025-02-21T10:00:16","date_gmt":"2025-02-21T09:00:16","guid":{"rendered":"https:\/\/www.muehle-glashuette.de\/?post_type=product&#038;p=19366"},"modified":"2026-04-24T08:37:56","modified_gmt":"2026-04-24T06:37:56","slug":"29er-big-small-second-stone-white-bracelet","status":"publish","type":"product","link":"https:\/\/www.muehle-glashuette.de\/en\/watch\/29er-big-small-second-stone-white-bracelet\/","title":{"rendered":"29er Big SMALL SECOND"},"content":{"rendered":"","protected":false},"excerpt":{"rendered":"<p>The success story of the 29er watch family continues: With the <strong>29er Big Small Second in stone-white and petrol-colored accents<\/strong>, the small second complication, first introduced in the 1994 Edition, is now part of the M\u00fchle collection. So set sail and full speed ahead!<\/p>\n","protected":false},"featured_media":21852,"template":"","meta":{"_acf_changed":false},"product_brand":[],"product_cat":[56],"product_tag":[],"class_list":{"0":"post-19366","1":"product","2":"type-product","3":"status-publish","4":"has-post-thumbnail","6":"product_cat-29er","8":"first","9":"instock","10":"taxable","11":"shipping-taxable","12":"purchasable","13":"product-type-simple"},"acf":[],"yoast_head":"<!-- This site is optimized with the Yoast SEO plugin v27.6 - https:\/\/yoast.com\/product\/yoast-seo-wordpress\/ -->\n<title>29er Big Small Second whit &amp; petrol | bracelet | M\u00fchle-Glash\u00fctte<\/title>\n<meta name=\"description\" content=\"New to the M\u00fchle-Glash\u00fctte collection: The 29er Big Small Second in stone-white with a petrol-colored subdial impresses with its maritime design. | Bracelet\" \/>\n<meta name=\"robots\" content=\"index, follow, max-snippet:-1, max-image-preview:large, max-video-preview:-1\" \/>\n<meta property=\"og:locale\" content=\"en_US\" \/>\n<meta property=\"og:type\" content=\"article\" \/>\n<meta property=\"og:title\" content=\"29er Big Small Second whit &amp; petrol | bracelet | M\u00fchle-Glash\u00fctte\" \/>\n<meta property=\"og:description\" content=\"New to the M\u00fchle-Glash\u00fctte collection: The 29er Big Small Second in stone-white with a petrol-colored subdial impresses with its maritime design. | Bracelet\" \/>\n<meta property=\"og:url\" content=\"https:\/\/www.muehle-glashuette.de\/en\/watch\/29er-big-small-second-stone-white-bracelet\/\" \/>\n<meta property=\"og:site_name\" content=\"M\u00fchle-Glash\u00fctte\" \/>\n<meta property=\"article:modified_time\" content=\"2026-04-24T06:37:56+00:00\" \/>\n<meta property=\"og:image\" content=\"https:\/\/www.muehle-glashuette.de\/wp-content\/uploads\/29er-Big-Kleine-Sekunde-M1-25-87-MB-Freisteller.png\" \/>\n\t<meta property=\"og:image:width\" content=\"720\" \/>\n\t<meta property=\"og:image:height\" content=\"1080\" \/>\n\t<meta property=\"og:image:type\" content=\"image\/png\" \/>\n<meta name=\"twitter:card\" content=\"summary_large_image\" \/>\n<script type=\"application\/ld+json\" class=\"yoast-schema-graph\">{\"@context\":\"https:\\\/\\\/schema.org\",\"@graph\":[{\"@type\":\"WebPage\",\"@id\":\"https:\\\/\\\/www.muehle-glashuette.de\\\/en\\\/watch\\\/29er-big-small-second-stone-white-bracelet\\\/\",\"url\":\"https:\\\/\\\/www.muehle-glashuette.de\\\/en\\\/watch\\\/29er-big-small-second-stone-white-bracelet\\\/\",\"name\":\"29er Big Small Second whit & petrol | bracelet | M\u00fchle-Glash\u00fctte\",\"isPartOf\":{\"@id\":\"https:\\\/\\\/www.muehle-glashuette.de\\\/#website\"},\"primaryImageOfPage\":{\"@id\":\"https:\\\/\\\/www.muehle-glashuette.de\\\/en\\\/watch\\\/29er-big-small-second-stone-white-bracelet\\\/#primaryimage\"},\"image\":{\"@id\":\"https:\\\/\\\/www.muehle-glashuette.de\\\/en\\\/watch\\\/29er-big-small-second-stone-white-bracelet\\\/#primaryimage\"},\"thumbnailUrl\":\"https:\\\/\\\/www.muehle-glashuette.de\\\/wp-content\\\/uploads\\\/29er-Big-Kleine-Sekunde-M1-25-87-MB-Freisteller.png\",\"datePublished\":\"2025-02-21T09:00:16+00:00\",\"dateModified\":\"2026-04-24T06:37:56+00:00\",\"description\":\"New to the M\u00fchle-Glash\u00fctte collection: The 29er Big Small Second in stone-white with a petrol-colored subdial impresses with its maritime design. | Bracelet\",\"breadcrumb\":{\"@id\":\"https:\\\/\\\/www.muehle-glashuette.de\\\/en\\\/watch\\\/29er-big-small-second-stone-white-bracelet\\\/#breadcrumb\"},\"inLanguage\":\"en-US\",\"potentialAction\":[{\"@type\":\"ReadAction\",\"target\":[\"https:\\\/\\\/www.muehle-glashuette.de\\\/en\\\/watch\\\/29er-big-small-second-stone-white-bracelet\\\/\"]}]},{\"@type\":\"ImageObject\",\"inLanguage\":\"en-US\",\"@id\":\"https:\\\/\\\/www.muehle-glashuette.de\\\/en\\\/watch\\\/29er-big-small-second-stone-white-bracelet\\\/#primaryimage\",\"url\":\"https:\\\/\\\/www.muehle-glashuette.de\\\/wp-content\\\/uploads\\\/29er-Big-Kleine-Sekunde-M1-25-87-MB-Freisteller.png\",\"contentUrl\":\"https:\\\/\\\/www.muehle-glashuette.de\\\/wp-content\\\/uploads\\\/29er-Big-Kleine-Sekunde-M1-25-87-MB-Freisteller.png\",\"width\":720,\"height\":1080,\"caption\":\"Front view of the men's wristwatch 29er Big Small Seconds with white dial, petrol-colored subdial and rehaut in a silver case on a metal band.\"},{\"@type\":\"BreadcrumbList\",\"@id\":\"https:\\\/\\\/www.muehle-glashuette.de\\\/en\\\/watch\\\/29er-big-small-second-stone-white-bracelet\\\/#breadcrumb\",\"itemListElement\":[{\"@type\":\"ListItem\",\"position\":1,\"name\":\"Home\",\"item\":\"https:\\\/\\\/www.muehle-glashuette.de\\\/en\\\/\"},{\"@type\":\"ListItem\",\"position\":2,\"name\":\"Privat: Shop\",\"item\":\"https:\\\/\\\/www.muehle-glashuette.de\\\/?page_id=6\"},{\"@type\":\"ListItem\",\"position\":3,\"name\":\"29er Big SMALL SECOND\"}]},{\"@type\":\"WebSite\",\"@id\":\"https:\\\/\\\/www.muehle-glashuette.de\\\/#website\",\"url\":\"https:\\\/\\\/www.muehle-glashuette.de\\\/\",\"name\":\"M\u00fchle-Glash\u00fctte\",\"description\":\"\",\"publisher\":{\"@id\":\"https:\\\/\\\/www.muehle-glashuette.de\\\/#organization\"},\"potentialAction\":[{\"@type\":\"SearchAction\",\"target\":{\"@type\":\"EntryPoint\",\"urlTemplate\":\"https:\\\/\\\/www.muehle-glashuette.de\\\/?s={search_term_string}\"},\"query-input\":{\"@type\":\"PropertyValueSpecification\",\"valueRequired\":true,\"valueName\":\"search_term_string\"}}],\"inLanguage\":\"en-US\"},{\"@type\":\"Organization\",\"@id\":\"https:\\\/\\\/www.muehle-glashuette.de\\\/#organization\",\"name\":\"M\u00fchle-Glash\u00fctte\",\"url\":\"https:\\\/\\\/www.muehle-glashuette.de\\\/\",\"logo\":{\"@type\":\"ImageObject\",\"inLanguage\":\"en-US\",\"@id\":\"https:\\\/\\\/www.muehle-glashuette.de\\\/#\\\/schema\\\/logo\\\/image\\\/\",\"url\":\"https:\\\/\\\/www.muehle-glashuette.de\\\/wp-content\\\/uploads\\\/mg-logo-mail-1.png\",\"contentUrl\":\"https:\\\/\\\/www.muehle-glashuette.de\\\/wp-content\\\/uploads\\\/mg-logo-mail-1.png\",\"width\":600,\"height\":173,\"caption\":\"M\u00fchle-Glash\u00fctte\"},\"image\":{\"@id\":\"https:\\\/\\\/www.muehle-glashuette.de\\\/#\\\/schema\\\/logo\\\/image\\\/\"}}]}<\/script>\n<!-- \/ Yoast SEO plugin. -->","yoast_head_json":{"title":"29er Big Small Second whit & petrol | bracelet | M\u00fchle-Glash\u00fctte","description":"New to the M\u00fchle-Glash\u00fctte collection: The 29er Big Small Second in stone-white with a petrol-colored subdial impresses with its maritime design. | Bracelet","robots":{"index":"index","follow":"follow","max-snippet":"max-snippet:-1","max-image-preview":"max-image-preview:large","max-video-preview":"max-video-preview:-1"},"og_locale":"en_US","og_type":"article","og_title":"29er Big Small Second whit & petrol | bracelet | M\u00fchle-Glash\u00fctte","og_description":"New to the M\u00fchle-Glash\u00fctte collection: The 29er Big Small Second in stone-white with a petrol-colored subdial impresses with its maritime design. | Bracelet","og_url":"https:\/\/www.muehle-glashuette.de\/en\/watch\/29er-big-small-second-stone-white-bracelet\/","og_site_name":"M\u00fchle-Glash\u00fctte","article_modified_time":"2026-04-24T06:37:56+00:00","og_image":[{"width":720,"height":1080,"url":"https:\/\/www.muehle-glashuette.de\/wp-content\/uploads\/29er-Big-Kleine-Sekunde-M1-25-87-MB-Freisteller.png","type":"image\/png"}],"twitter_card":"summary_large_image","schema":{"@context":"https:\/\/schema.org","@graph":[{"@type":"WebPage","@id":"https:\/\/www.muehle-glashuette.de\/en\/watch\/29er-big-small-second-stone-white-bracelet\/","url":"https:\/\/www.muehle-glashuette.de\/en\/watch\/29er-big-small-second-stone-white-bracelet\/","name":"29er Big Small Second whit & petrol | bracelet | M\u00fchle-Glash\u00fctte","isPartOf":{"@id":"https:\/\/www.muehle-glashuette.de\/#website"},"primaryImageOfPage":{"@id":"https:\/\/www.muehle-glashuette.de\/en\/watch\/29er-big-small-second-stone-white-bracelet\/#primaryimage"},"image":{"@id":"https:\/\/www.muehle-glashuette.de\/en\/watch\/29er-big-small-second-stone-white-bracelet\/#primaryimage"},"thumbnailUrl":"https:\/\/www.muehle-glashuette.de\/wp-content\/uploads\/29er-Big-Kleine-Sekunde-M1-25-87-MB-Freisteller.png","datePublished":"2025-02-21T09:00:16+00:00","dateModified":"2026-04-24T06:37:56+00:00","description":"New to the M\u00fchle-Glash\u00fctte collection: The 29er Big Small Second in stone-white with a petrol-colored subdial impresses with its maritime design. | Bracelet","breadcrumb":{"@id":"https:\/\/www.muehle-glashuette.de\/en\/watch\/29er-big-small-second-stone-white-bracelet\/#breadcrumb"},"inLanguage":"en-US","potentialAction":[{"@type":"ReadAction","target":["https:\/\/www.muehle-glashuette.de\/en\/watch\/29er-big-small-second-stone-white-bracelet\/"]}]},{"@type":"ImageObject","inLanguage":"en-US","@id":"https:\/\/www.muehle-glashuette.de\/en\/watch\/29er-big-small-second-stone-white-bracelet\/#primaryimage","url":"https:\/\/www.muehle-glashuette.de\/wp-content\/uploads\/29er-Big-Kleine-Sekunde-M1-25-87-MB-Freisteller.png","contentUrl":"https:\/\/www.muehle-glashuette.de\/wp-content\/uploads\/29er-Big-Kleine-Sekunde-M1-25-87-MB-Freisteller.png","width":720,"height":1080,"caption":"Front view of the men's wristwatch 29er Big Small Seconds with white dial, petrol-colored subdial and rehaut in a silver case on a metal band."},{"@type":"BreadcrumbList","@id":"https:\/\/www.muehle-glashuette.de\/en\/watch\/29er-big-small-second-stone-white-bracelet\/#breadcrumb","itemListElement":[{"@type":"ListItem","position":1,"name":"Home","item":"https:\/\/www.muehle-glashuette.de\/en\/"},{"@type":"ListItem","position":2,"name":"Privat: Shop","item":"https:\/\/www.muehle-glashuette.de\/?page_id=6"},{"@type":"ListItem","position":3,"name":"29er Big SMALL SECOND"}]},{"@type":"WebSite","@id":"https:\/\/www.muehle-glashuette.de\/#website","url":"https:\/\/www.muehle-glashuette.de\/","name":"M\u00fchle-Glash\u00fctte","description":"","publisher":{"@id":"https:\/\/www.muehle-glashuette.de\/#organization"},"potentialAction":[{"@type":"SearchAction","target":{"@type":"EntryPoint","urlTemplate":"https:\/\/www.muehle-glashuette.de\/?s={search_term_string}"},"query-input":{"@type":"PropertyValueSpecification","valueRequired":true,"valueName":"search_term_string"}}],"inLanguage":"en-US"},{"@type":"Organization","@id":"https:\/\/www.muehle-glashuette.de\/#organization","name":"M\u00fchle-Glash\u00fctte","url":"https:\/\/www.muehle-glashuette.de\/","logo":{"@type":"ImageObject","inLanguage":"en-US","@id":"https:\/\/www.muehle-glashuette.de\/#\/schema\/logo\/image\/","url":"https:\/\/www.muehle-glashuette.de\/wp-content\/uploads\/mg-logo-mail-1.png","contentUrl":"https:\/\/www.muehle-glashuette.de\/wp-content\/uploads\/mg-logo-mail-1.png","width":600,"height":173,"caption":"M\u00fchle-Glash\u00fctte"},"image":{"@id":"https:\/\/www.muehle-glashuette.de\/#\/schema\/logo\/image\/"}}]}},"_links":{"self":[{"href":"https:\/\/www.muehle-glashuette.de\/en\/wp-json\/wp\/v2\/product\/19366","targetHints":{"allow":["GET"]}}],"collection":[{"href":"https:\/\/www.muehle-glashuette.de\/en\/wp-json\/wp\/v2\/product"}],"about":[{"href":"https:\/\/www.muehle-glashuette.de\/en\/wp-json\/wp\/v2\/types\/product"}],"wp:featuredmedia":[{"embeddable":true,"href":"https:\/\/www.muehle-glashuette.de\/en\/wp-json\/wp\/v2\/media\/21852"}],"wp:attachment":[{"href":"https:\/\/www.muehle-glashuette.de\/en\/wp-json\/wp\/v2\/media?parent=19366"}],"wp:term":[{"taxonomy":"product_brand","embeddable":true,"href":"https:\/\/www.muehle-glashuette.de\/en\/wp-json\/wp\/v2\/product_brand?post=19366"},{"taxonomy":"product_cat","embeddable":true,"href":"https:\/\/www.muehle-glashuette.de\/en\/wp-json\/wp\/v2\/product_cat?post=19366"},{"taxonomy":"product_tag","embeddable":true,"href":"https:\/\/www.muehle-glashuette.de\/en\/wp-json\/wp\/v2\/product_tag?post=19366"}],"curies":[{"name":"wp","href":"https:\/\/api.w.org\/{rel}","templated":true}]}}