{"id":21204,"date":"2025-09-15T11:56:40","date_gmt":"2025-09-15T09:56:40","guid":{"rendered":"https:\/\/www.muehle-glashuette.de\/?post_type=product&#038;p=21204"},"modified":"2026-02-20T14:35:12","modified_gmt":"2026-02-20T13:35:12","slug":"panova-lime-leather-strap-perforated","status":"publish","type":"product","link":"https:\/\/www.muehle-glashuette.de\/en\/watch\/panova-lime-leather-strap-perforated\/","title":{"rendered":"Panova Lime"},"content":{"rendered":"","protected":false},"excerpt":{"rendered":"<p>A fresh pick-me-up for your day: Just as lively as a zesty summer drink and as refreshing as a day by the water \u2013 the <strong data-start=\"185\" data-end=\"200\">Panova Lime<\/strong> adds a splash of cool energy to your wrist. Its subtle sunray finish catches the light in different ways \u2013 sometimes cool, sometimes warm \u2013 but always with that perfect summer vibe. Paired with a sporty leather strap, soft suede or a refined Milanese bracelet, it\u2019s the perfect watch for days that call for good vibes and light-hearted style.<\/p>\n","protected":false},"featured_media":21240,"template":"","meta":{"_acf_changed":false},"product_brand":[],"product_cat":[59],"product_tag":[426,428,429],"class_list":{"0":"post-21204","1":"product","2":"type-product","3":"status-publish","4":"has-post-thumbnail","6":"product_cat-panova","7":"product_tag-m1-40-76-1-en","8":"product_tag-panova-en","9":"product_tag-panova-limettengruen-en","11":"first","12":"instock","13":"taxable","14":"shipping-taxable","15":"purchasable","16":"product-type-simple"},"acf":[],"yoast_head":"<!-- This site is optimized with the Yoast SEO plugin v27.5 - https:\/\/yoast.com\/product\/yoast-seo-wordpress\/ -->\n<title>Panova Lime | M\u00fchle-Glash\u00fctte<\/title>\n<meta name=\"description\" content=\"Fresh, vibrant, functional: The Panova Lime from M\u00fchle-Glash\u00fctte brings summer vibes and reliable performance straight to your wrist.\" \/>\n<meta name=\"robots\" content=\"index, follow, max-snippet:-1, max-image-preview:large, max-video-preview:-1\" \/>\n<meta property=\"og:locale\" content=\"en_US\" \/>\n<meta property=\"og:type\" content=\"article\" \/>\n<meta property=\"og:title\" content=\"Panova Lime | M\u00fchle-Glash\u00fctte\" \/>\n<meta property=\"og:description\" content=\"Fresh, vibrant, functional: The Panova Lime from M\u00fchle-Glash\u00fctte brings summer vibes and reliable performance straight to your wrist.\" \/>\n<meta property=\"og:url\" content=\"https:\/\/www.muehle-glashuette.de\/en\/watch\/panova-lime-leather-strap-perforated\/\" \/>\n<meta property=\"og:site_name\" content=\"M\u00fchle-Glash\u00fctte\" \/>\n<meta property=\"article:modified_time\" content=\"2026-02-20T13:35:12+00:00\" \/>\n<meta property=\"og:image\" content=\"https:\/\/www.muehle-glashuette.de\/wp-content\/uploads\/Panova-Limettengruen-M1-40-76-1-LB-I-Freisteller.png\" \/>\n\t<meta property=\"og:image:width\" content=\"720\" \/>\n\t<meta property=\"og:image:height\" content=\"1080\" \/>\n\t<meta property=\"og:image:type\" content=\"image\/png\" \/>\n<meta name=\"twitter:card\" content=\"summary_large_image\" \/>\n<script type=\"application\/ld+json\" class=\"yoast-schema-graph\">{\"@context\":\"https:\\\/\\\/schema.org\",\"@graph\":[{\"@type\":\"WebPage\",\"@id\":\"https:\\\/\\\/www.muehle-glashuette.de\\\/en\\\/watch\\\/panova-lime-leather-strap-perforated\\\/\",\"url\":\"https:\\\/\\\/www.muehle-glashuette.de\\\/en\\\/watch\\\/panova-lime-leather-strap-perforated\\\/\",\"name\":\"Panova Lime | M\u00fchle-Glash\u00fctte\",\"isPartOf\":{\"@id\":\"https:\\\/\\\/www.muehle-glashuette.de\\\/#website\"},\"primaryImageOfPage\":{\"@id\":\"https:\\\/\\\/www.muehle-glashuette.de\\\/en\\\/watch\\\/panova-lime-leather-strap-perforated\\\/#primaryimage\"},\"image\":{\"@id\":\"https:\\\/\\\/www.muehle-glashuette.de\\\/en\\\/watch\\\/panova-lime-leather-strap-perforated\\\/#primaryimage\"},\"thumbnailUrl\":\"https:\\\/\\\/www.muehle-glashuette.de\\\/wp-content\\\/uploads\\\/Panova-Limettengruen-M1-40-76-1-LB-I-Freisteller.png\",\"datePublished\":\"2025-09-15T09:56:40+00:00\",\"dateModified\":\"2026-02-20T13:35:12+00:00\",\"description\":\"Fresh, vibrant, functional: The Panova Lime from M\u00fchle-Glash\u00fctte brings summer vibes and reliable performance straight to your wrist.\",\"breadcrumb\":{\"@id\":\"https:\\\/\\\/www.muehle-glashuette.de\\\/en\\\/watch\\\/panova-lime-leather-strap-perforated\\\/#breadcrumb\"},\"inLanguage\":\"en-US\",\"potentialAction\":[{\"@type\":\"ReadAction\",\"target\":[\"https:\\\/\\\/www.muehle-glashuette.de\\\/en\\\/watch\\\/panova-lime-leather-strap-perforated\\\/\"]}]},{\"@type\":\"ImageObject\",\"inLanguage\":\"en-US\",\"@id\":\"https:\\\/\\\/www.muehle-glashuette.de\\\/en\\\/watch\\\/panova-lime-leather-strap-perforated\\\/#primaryimage\",\"url\":\"https:\\\/\\\/www.muehle-glashuette.de\\\/wp-content\\\/uploads\\\/Panova-Limettengruen-M1-40-76-1-LB-I-Freisteller.png\",\"contentUrl\":\"https:\\\/\\\/www.muehle-glashuette.de\\\/wp-content\\\/uploads\\\/Panova-Limettengruen-M1-40-76-1-LB-I-Freisteller.png\",\"width\":720,\"height\":1080},{\"@type\":\"BreadcrumbList\",\"@id\":\"https:\\\/\\\/www.muehle-glashuette.de\\\/en\\\/watch\\\/panova-lime-leather-strap-perforated\\\/#breadcrumb\",\"itemListElement\":[{\"@type\":\"ListItem\",\"position\":1,\"name\":\"Home\",\"item\":\"https:\\\/\\\/www.muehle-glashuette.de\\\/en\\\/\"},{\"@type\":\"ListItem\",\"position\":2,\"name\":\"Privat: Shop\",\"item\":\"https:\\\/\\\/www.muehle-glashuette.de\\\/?page_id=6\"},{\"@type\":\"ListItem\",\"position\":3,\"name\":\"Panova Lime\"}]},{\"@type\":\"WebSite\",\"@id\":\"https:\\\/\\\/www.muehle-glashuette.de\\\/#website\",\"url\":\"https:\\\/\\\/www.muehle-glashuette.de\\\/\",\"name\":\"M\u00fchle-Glash\u00fctte\",\"description\":\"\",\"publisher\":{\"@id\":\"https:\\\/\\\/www.muehle-glashuette.de\\\/#organization\"},\"potentialAction\":[{\"@type\":\"SearchAction\",\"target\":{\"@type\":\"EntryPoint\",\"urlTemplate\":\"https:\\\/\\\/www.muehle-glashuette.de\\\/?s={search_term_string}\"},\"query-input\":{\"@type\":\"PropertyValueSpecification\",\"valueRequired\":true,\"valueName\":\"search_term_string\"}}],\"inLanguage\":\"en-US\"},{\"@type\":\"Organization\",\"@id\":\"https:\\\/\\\/www.muehle-glashuette.de\\\/#organization\",\"name\":\"M\u00fchle-Glash\u00fctte\",\"url\":\"https:\\\/\\\/www.muehle-glashuette.de\\\/\",\"logo\":{\"@type\":\"ImageObject\",\"inLanguage\":\"en-US\",\"@id\":\"https:\\\/\\\/www.muehle-glashuette.de\\\/#\\\/schema\\\/logo\\\/image\\\/\",\"url\":\"https:\\\/\\\/www.muehle-glashuette.de\\\/wp-content\\\/uploads\\\/mg-logo-mail-1.png\",\"contentUrl\":\"https:\\\/\\\/www.muehle-glashuette.de\\\/wp-content\\\/uploads\\\/mg-logo-mail-1.png\",\"width\":600,\"height\":173,\"caption\":\"M\u00fchle-Glash\u00fctte\"},\"image\":{\"@id\":\"https:\\\/\\\/www.muehle-glashuette.de\\\/#\\\/schema\\\/logo\\\/image\\\/\"}}]}<\/script>\n<!-- \/ Yoast SEO plugin. -->","yoast_head_json":{"title":"Panova Lime | M\u00fchle-Glash\u00fctte","description":"Fresh, vibrant, functional: The Panova Lime from M\u00fchle-Glash\u00fctte brings summer vibes and reliable performance straight to your wrist.","robots":{"index":"index","follow":"follow","max-snippet":"max-snippet:-1","max-image-preview":"max-image-preview:large","max-video-preview":"max-video-preview:-1"},"og_locale":"en_US","og_type":"article","og_title":"Panova Lime | M\u00fchle-Glash\u00fctte","og_description":"Fresh, vibrant, functional: The Panova Lime from M\u00fchle-Glash\u00fctte brings summer vibes and reliable performance straight to your wrist.","og_url":"https:\/\/www.muehle-glashuette.de\/en\/watch\/panova-lime-leather-strap-perforated\/","og_site_name":"M\u00fchle-Glash\u00fctte","article_modified_time":"2026-02-20T13:35:12+00:00","og_image":[{"width":720,"height":1080,"url":"https:\/\/www.muehle-glashuette.de\/wp-content\/uploads\/Panova-Limettengruen-M1-40-76-1-LB-I-Freisteller.png","type":"image\/png"}],"twitter_card":"summary_large_image","schema":{"@context":"https:\/\/schema.org","@graph":[{"@type":"WebPage","@id":"https:\/\/www.muehle-glashuette.de\/en\/watch\/panova-lime-leather-strap-perforated\/","url":"https:\/\/www.muehle-glashuette.de\/en\/watch\/panova-lime-leather-strap-perforated\/","name":"Panova Lime | M\u00fchle-Glash\u00fctte","isPartOf":{"@id":"https:\/\/www.muehle-glashuette.de\/#website"},"primaryImageOfPage":{"@id":"https:\/\/www.muehle-glashuette.de\/en\/watch\/panova-lime-leather-strap-perforated\/#primaryimage"},"image":{"@id":"https:\/\/www.muehle-glashuette.de\/en\/watch\/panova-lime-leather-strap-perforated\/#primaryimage"},"thumbnailUrl":"https:\/\/www.muehle-glashuette.de\/wp-content\/uploads\/Panova-Limettengruen-M1-40-76-1-LB-I-Freisteller.png","datePublished":"2025-09-15T09:56:40+00:00","dateModified":"2026-02-20T13:35:12+00:00","description":"Fresh, vibrant, functional: The Panova Lime from M\u00fchle-Glash\u00fctte brings summer vibes and reliable performance straight to your wrist.","breadcrumb":{"@id":"https:\/\/www.muehle-glashuette.de\/en\/watch\/panova-lime-leather-strap-perforated\/#breadcrumb"},"inLanguage":"en-US","potentialAction":[{"@type":"ReadAction","target":["https:\/\/www.muehle-glashuette.de\/en\/watch\/panova-lime-leather-strap-perforated\/"]}]},{"@type":"ImageObject","inLanguage":"en-US","@id":"https:\/\/www.muehle-glashuette.de\/en\/watch\/panova-lime-leather-strap-perforated\/#primaryimage","url":"https:\/\/www.muehle-glashuette.de\/wp-content\/uploads\/Panova-Limettengruen-M1-40-76-1-LB-I-Freisteller.png","contentUrl":"https:\/\/www.muehle-glashuette.de\/wp-content\/uploads\/Panova-Limettengruen-M1-40-76-1-LB-I-Freisteller.png","width":720,"height":1080},{"@type":"BreadcrumbList","@id":"https:\/\/www.muehle-glashuette.de\/en\/watch\/panova-lime-leather-strap-perforated\/#breadcrumb","itemListElement":[{"@type":"ListItem","position":1,"name":"Home","item":"https:\/\/www.muehle-glashuette.de\/en\/"},{"@type":"ListItem","position":2,"name":"Privat: Shop","item":"https:\/\/www.muehle-glashuette.de\/?page_id=6"},{"@type":"ListItem","position":3,"name":"Panova Lime"}]},{"@type":"WebSite","@id":"https:\/\/www.muehle-glashuette.de\/#website","url":"https:\/\/www.muehle-glashuette.de\/","name":"M\u00fchle-Glash\u00fctte","description":"","publisher":{"@id":"https:\/\/www.muehle-glashuette.de\/#organization"},"potentialAction":[{"@type":"SearchAction","target":{"@type":"EntryPoint","urlTemplate":"https:\/\/www.muehle-glashuette.de\/?s={search_term_string}"},"query-input":{"@type":"PropertyValueSpecification","valueRequired":true,"valueName":"search_term_string"}}],"inLanguage":"en-US"},{"@type":"Organization","@id":"https:\/\/www.muehle-glashuette.de\/#organization","name":"M\u00fchle-Glash\u00fctte","url":"https:\/\/www.muehle-glashuette.de\/","logo":{"@type":"ImageObject","inLanguage":"en-US","@id":"https:\/\/www.muehle-glashuette.de\/#\/schema\/logo\/image\/","url":"https:\/\/www.muehle-glashuette.de\/wp-content\/uploads\/mg-logo-mail-1.png","contentUrl":"https:\/\/www.muehle-glashuette.de\/wp-content\/uploads\/mg-logo-mail-1.png","width":600,"height":173,"caption":"M\u00fchle-Glash\u00fctte"},"image":{"@id":"https:\/\/www.muehle-glashuette.de\/#\/schema\/logo\/image\/"}}]}},"_links":{"self":[{"href":"https:\/\/www.muehle-glashuette.de\/en\/wp-json\/wp\/v2\/product\/21204","targetHints":{"allow":["GET"]}}],"collection":[{"href":"https:\/\/www.muehle-glashuette.de\/en\/wp-json\/wp\/v2\/product"}],"about":[{"href":"https:\/\/www.muehle-glashuette.de\/en\/wp-json\/wp\/v2\/types\/product"}],"wp:featuredmedia":[{"embeddable":true,"href":"https:\/\/www.muehle-glashuette.de\/en\/wp-json\/wp\/v2\/media\/21240"}],"wp:attachment":[{"href":"https:\/\/www.muehle-glashuette.de\/en\/wp-json\/wp\/v2\/media?parent=21204"}],"wp:term":[{"taxonomy":"product_brand","embeddable":true,"href":"https:\/\/www.muehle-glashuette.de\/en\/wp-json\/wp\/v2\/product_brand?post=21204"},{"taxonomy":"product_cat","embeddable":true,"href":"https:\/\/www.muehle-glashuette.de\/en\/wp-json\/wp\/v2\/product_cat?post=21204"},{"taxonomy":"product_tag","embeddable":true,"href":"https:\/\/www.muehle-glashuette.de\/en\/wp-json\/wp\/v2\/product_tag?post=21204"}],"curies":[{"name":"wp","href":"https:\/\/api.w.org\/{rel}","templated":true}]}}