{"id":21644,"date":"2025-10-23T14:00:16","date_gmt":"2025-10-23T12:00:16","guid":{"rendered":"https:\/\/www.muehle-glashuette.de\/?post_type=product&#038;p=21644"},"modified":"2026-02-20T13:59:30","modified_gmt":"2026-02-20T12:59:30","slug":"sportivo-big-date-leather-strap","status":"publish","type":"product","link":"https:\/\/www.muehle-glashuette.de\/en\/watch\/sportivo-big-date-leather-strap\/","title":{"rendered":"Sportivo Big Date"},"content":{"rendered":"<p data-start=\"0\" data-end=\"289\">The <strong>Sportivo Big Date<\/strong> is made for those who live life to the fullest and focus on what truly matters. Its striking stainless-steel case, double anti-reflective sapphire crystal, and bidirectional bezel with ceramic inlay make it a tough and reliable companion \u2013 ready for any adventure.<\/p>\n<p data-start=\"291\" data-end=\"522\">The clean dial stands out with its minimalist design and a big date display at 6 o\u2019clock, ensuring perfect legibility at a glance. High-contrast hands and indexes with Super-LumiNova provide optimal readability \u2013 day and night.<\/p>\n<p data-start=\"524\" data-end=\"823\" data-is-last-node=\"\" data-is-only-node=\"\">Inside, the precise MU9424-GD automatic movement beats with M\u00fchle\u2019s shock-resistant woodpecker neck regulation, carefully adjusted in six positions. A watch that unites performance, function, and style \u2013 and with its clear design language, embodies the understated confidence of the Sportivo family.<\/p>\n","protected":false},"excerpt":{"rendered":"<p>For everyone who loves to stay on the move and wants a watch that keeps up: the <strong data-start=\"80\" data-end=\"101\">Sportivo Big Date<\/strong> represents pure dynamism. Robust, precise and stripped down to the essentials \u2013 it\u2019s ready for any adventure, whether on the bike, at the office or enjoying the great outdoors on the weekend.<\/p>\n","protected":false},"featured_media":21598,"template":"","meta":{"_acf_changed":false},"product_brand":[],"product_cat":[113],"product_tag":[],"class_list":{"0":"post-21644","1":"product","2":"type-product","3":"status-publish","4":"has-post-thumbnail","6":"product_cat-sportivo-en","8":"first","9":"instock","10":"taxable","11":"shipping-taxable","12":"purchasable","13":"product-type-simple"},"acf":[],"yoast_head":"<!-- This site is optimized with the Yoast SEO plugin v27.4 - https:\/\/yoast.com\/product\/yoast-seo-wordpress\/ -->\n<title>Sportivo Big Date | M\u00fchle-Glash\u00fctte<\/title>\n<meta name=\"description\" content=\"Sporty, precise, and minimalistic: the M\u00fchle-Glash\u00fctte Sportivo Big Date combines dynamic design with rugged functionality.\" \/>\n<meta name=\"robots\" content=\"index, follow, max-snippet:-1, max-image-preview:large, max-video-preview:-1\" \/>\n<meta property=\"og:locale\" content=\"en_US\" \/>\n<meta property=\"og:type\" content=\"article\" \/>\n<meta property=\"og:title\" content=\"Sportivo Big Date | M\u00fchle-Glash\u00fctte\" \/>\n<meta property=\"og:description\" content=\"Sporty, precise, and minimalistic: the M\u00fchle-Glash\u00fctte Sportivo Big Date combines dynamic design with rugged functionality.\" \/>\n<meta property=\"og:url\" content=\"https:\/\/www.muehle-glashuette.de\/en\/watch\/sportivo-big-date-leather-strap\/\" \/>\n<meta property=\"og:site_name\" content=\"M\u00fchle-Glash\u00fctte\" \/>\n<meta property=\"article:modified_time\" content=\"2026-02-20T12:59:30+00:00\" \/>\n<meta property=\"og:image\" content=\"https:\/\/www.muehle-glashuette.de\/wp-content\/uploads\/sportivo-grossdatum-m1-52-43-lk-freisteller.png\" \/>\n\t<meta property=\"og:image:width\" content=\"720\" \/>\n\t<meta property=\"og:image:height\" content=\"1080\" \/>\n\t<meta property=\"og:image:type\" content=\"image\/png\" \/>\n<meta name=\"twitter:card\" content=\"summary_large_image\" \/>\n<script type=\"application\/ld+json\" class=\"yoast-schema-graph\">{\"@context\":\"https:\\\/\\\/schema.org\",\"@graph\":[{\"@type\":\"WebPage\",\"@id\":\"https:\\\/\\\/www.muehle-glashuette.de\\\/en\\\/watch\\\/sportivo-big-date-leather-strap\\\/\",\"url\":\"https:\\\/\\\/www.muehle-glashuette.de\\\/en\\\/watch\\\/sportivo-big-date-leather-strap\\\/\",\"name\":\"Sportivo Big Date | M\u00fchle-Glash\u00fctte\",\"isPartOf\":{\"@id\":\"https:\\\/\\\/www.muehle-glashuette.de\\\/#website\"},\"primaryImageOfPage\":{\"@id\":\"https:\\\/\\\/www.muehle-glashuette.de\\\/en\\\/watch\\\/sportivo-big-date-leather-strap\\\/#primaryimage\"},\"image\":{\"@id\":\"https:\\\/\\\/www.muehle-glashuette.de\\\/en\\\/watch\\\/sportivo-big-date-leather-strap\\\/#primaryimage\"},\"thumbnailUrl\":\"https:\\\/\\\/www.muehle-glashuette.de\\\/wp-content\\\/uploads\\\/sportivo-grossdatum-m1-52-43-lk-freisteller.png\",\"datePublished\":\"2025-10-23T12:00:16+00:00\",\"dateModified\":\"2026-02-20T12:59:30+00:00\",\"description\":\"Sporty, precise, and minimalistic: the M\u00fchle-Glash\u00fctte Sportivo Big Date combines dynamic design with rugged functionality.\",\"breadcrumb\":{\"@id\":\"https:\\\/\\\/www.muehle-glashuette.de\\\/en\\\/watch\\\/sportivo-big-date-leather-strap\\\/#breadcrumb\"},\"inLanguage\":\"en-US\",\"potentialAction\":[{\"@type\":\"ReadAction\",\"target\":[\"https:\\\/\\\/www.muehle-glashuette.de\\\/en\\\/watch\\\/sportivo-big-date-leather-strap\\\/\"]}]},{\"@type\":\"ImageObject\",\"inLanguage\":\"en-US\",\"@id\":\"https:\\\/\\\/www.muehle-glashuette.de\\\/en\\\/watch\\\/sportivo-big-date-leather-strap\\\/#primaryimage\",\"url\":\"https:\\\/\\\/www.muehle-glashuette.de\\\/wp-content\\\/uploads\\\/sportivo-grossdatum-m1-52-43-lk-freisteller.png\",\"contentUrl\":\"https:\\\/\\\/www.muehle-glashuette.de\\\/wp-content\\\/uploads\\\/sportivo-grossdatum-m1-52-43-lk-freisteller.png\",\"width\":720,\"height\":1080,\"caption\":\"Front view of the mechanical Sportivo sports watch with large date display, black dial, black bezel and silver case on a black leather\\\/rubber strap.\"},{\"@type\":\"BreadcrumbList\",\"@id\":\"https:\\\/\\\/www.muehle-glashuette.de\\\/en\\\/watch\\\/sportivo-big-date-leather-strap\\\/#breadcrumb\",\"itemListElement\":[{\"@type\":\"ListItem\",\"position\":1,\"name\":\"Home\",\"item\":\"https:\\\/\\\/www.muehle-glashuette.de\\\/en\\\/\"},{\"@type\":\"ListItem\",\"position\":2,\"name\":\"Privat: Shop\",\"item\":\"https:\\\/\\\/www.muehle-glashuette.de\\\/?page_id=6\"},{\"@type\":\"ListItem\",\"position\":3,\"name\":\"Sportivo Big Date\"}]},{\"@type\":\"WebSite\",\"@id\":\"https:\\\/\\\/www.muehle-glashuette.de\\\/#website\",\"url\":\"https:\\\/\\\/www.muehle-glashuette.de\\\/\",\"name\":\"M\u00fchle-Glash\u00fctte\",\"description\":\"\",\"publisher\":{\"@id\":\"https:\\\/\\\/www.muehle-glashuette.de\\\/#organization\"},\"potentialAction\":[{\"@type\":\"SearchAction\",\"target\":{\"@type\":\"EntryPoint\",\"urlTemplate\":\"https:\\\/\\\/www.muehle-glashuette.de\\\/?s={search_term_string}\"},\"query-input\":{\"@type\":\"PropertyValueSpecification\",\"valueRequired\":true,\"valueName\":\"search_term_string\"}}],\"inLanguage\":\"en-US\"},{\"@type\":\"Organization\",\"@id\":\"https:\\\/\\\/www.muehle-glashuette.de\\\/#organization\",\"name\":\"M\u00fchle-Glash\u00fctte\",\"url\":\"https:\\\/\\\/www.muehle-glashuette.de\\\/\",\"logo\":{\"@type\":\"ImageObject\",\"inLanguage\":\"en-US\",\"@id\":\"https:\\\/\\\/www.muehle-glashuette.de\\\/#\\\/schema\\\/logo\\\/image\\\/\",\"url\":\"https:\\\/\\\/www.muehle-glashuette.de\\\/wp-content\\\/uploads\\\/mg-logo-mail-1.png\",\"contentUrl\":\"https:\\\/\\\/www.muehle-glashuette.de\\\/wp-content\\\/uploads\\\/mg-logo-mail-1.png\",\"width\":600,\"height\":173,\"caption\":\"M\u00fchle-Glash\u00fctte\"},\"image\":{\"@id\":\"https:\\\/\\\/www.muehle-glashuette.de\\\/#\\\/schema\\\/logo\\\/image\\\/\"}}]}<\/script>\n<!-- \/ Yoast SEO plugin. -->","yoast_head_json":{"title":"Sportivo Big Date | M\u00fchle-Glash\u00fctte","description":"Sporty, precise, and minimalistic: the M\u00fchle-Glash\u00fctte Sportivo Big Date combines dynamic design with rugged functionality.","robots":{"index":"index","follow":"follow","max-snippet":"max-snippet:-1","max-image-preview":"max-image-preview:large","max-video-preview":"max-video-preview:-1"},"og_locale":"en_US","og_type":"article","og_title":"Sportivo Big Date | M\u00fchle-Glash\u00fctte","og_description":"Sporty, precise, and minimalistic: the M\u00fchle-Glash\u00fctte Sportivo Big Date combines dynamic design with rugged functionality.","og_url":"https:\/\/www.muehle-glashuette.de\/en\/watch\/sportivo-big-date-leather-strap\/","og_site_name":"M\u00fchle-Glash\u00fctte","article_modified_time":"2026-02-20T12:59:30+00:00","og_image":[{"width":720,"height":1080,"url":"https:\/\/www.muehle-glashuette.de\/wp-content\/uploads\/sportivo-grossdatum-m1-52-43-lk-freisteller.png","type":"image\/png"}],"twitter_card":"summary_large_image","schema":{"@context":"https:\/\/schema.org","@graph":[{"@type":"WebPage","@id":"https:\/\/www.muehle-glashuette.de\/en\/watch\/sportivo-big-date-leather-strap\/","url":"https:\/\/www.muehle-glashuette.de\/en\/watch\/sportivo-big-date-leather-strap\/","name":"Sportivo Big Date | M\u00fchle-Glash\u00fctte","isPartOf":{"@id":"https:\/\/www.muehle-glashuette.de\/#website"},"primaryImageOfPage":{"@id":"https:\/\/www.muehle-glashuette.de\/en\/watch\/sportivo-big-date-leather-strap\/#primaryimage"},"image":{"@id":"https:\/\/www.muehle-glashuette.de\/en\/watch\/sportivo-big-date-leather-strap\/#primaryimage"},"thumbnailUrl":"https:\/\/www.muehle-glashuette.de\/wp-content\/uploads\/sportivo-grossdatum-m1-52-43-lk-freisteller.png","datePublished":"2025-10-23T12:00:16+00:00","dateModified":"2026-02-20T12:59:30+00:00","description":"Sporty, precise, and minimalistic: the M\u00fchle-Glash\u00fctte Sportivo Big Date combines dynamic design with rugged functionality.","breadcrumb":{"@id":"https:\/\/www.muehle-glashuette.de\/en\/watch\/sportivo-big-date-leather-strap\/#breadcrumb"},"inLanguage":"en-US","potentialAction":[{"@type":"ReadAction","target":["https:\/\/www.muehle-glashuette.de\/en\/watch\/sportivo-big-date-leather-strap\/"]}]},{"@type":"ImageObject","inLanguage":"en-US","@id":"https:\/\/www.muehle-glashuette.de\/en\/watch\/sportivo-big-date-leather-strap\/#primaryimage","url":"https:\/\/www.muehle-glashuette.de\/wp-content\/uploads\/sportivo-grossdatum-m1-52-43-lk-freisteller.png","contentUrl":"https:\/\/www.muehle-glashuette.de\/wp-content\/uploads\/sportivo-grossdatum-m1-52-43-lk-freisteller.png","width":720,"height":1080,"caption":"Front view of the mechanical Sportivo sports watch with large date display, black dial, black bezel and silver case on a black leather\/rubber strap."},{"@type":"BreadcrumbList","@id":"https:\/\/www.muehle-glashuette.de\/en\/watch\/sportivo-big-date-leather-strap\/#breadcrumb","itemListElement":[{"@type":"ListItem","position":1,"name":"Home","item":"https:\/\/www.muehle-glashuette.de\/en\/"},{"@type":"ListItem","position":2,"name":"Privat: Shop","item":"https:\/\/www.muehle-glashuette.de\/?page_id=6"},{"@type":"ListItem","position":3,"name":"Sportivo Big Date"}]},{"@type":"WebSite","@id":"https:\/\/www.muehle-glashuette.de\/#website","url":"https:\/\/www.muehle-glashuette.de\/","name":"M\u00fchle-Glash\u00fctte","description":"","publisher":{"@id":"https:\/\/www.muehle-glashuette.de\/#organization"},"potentialAction":[{"@type":"SearchAction","target":{"@type":"EntryPoint","urlTemplate":"https:\/\/www.muehle-glashuette.de\/?s={search_term_string}"},"query-input":{"@type":"PropertyValueSpecification","valueRequired":true,"valueName":"search_term_string"}}],"inLanguage":"en-US"},{"@type":"Organization","@id":"https:\/\/www.muehle-glashuette.de\/#organization","name":"M\u00fchle-Glash\u00fctte","url":"https:\/\/www.muehle-glashuette.de\/","logo":{"@type":"ImageObject","inLanguage":"en-US","@id":"https:\/\/www.muehle-glashuette.de\/#\/schema\/logo\/image\/","url":"https:\/\/www.muehle-glashuette.de\/wp-content\/uploads\/mg-logo-mail-1.png","contentUrl":"https:\/\/www.muehle-glashuette.de\/wp-content\/uploads\/mg-logo-mail-1.png","width":600,"height":173,"caption":"M\u00fchle-Glash\u00fctte"},"image":{"@id":"https:\/\/www.muehle-glashuette.de\/#\/schema\/logo\/image\/"}}]}},"_links":{"self":[{"href":"https:\/\/www.muehle-glashuette.de\/en\/wp-json\/wp\/v2\/product\/21644","targetHints":{"allow":["GET"]}}],"collection":[{"href":"https:\/\/www.muehle-glashuette.de\/en\/wp-json\/wp\/v2\/product"}],"about":[{"href":"https:\/\/www.muehle-glashuette.de\/en\/wp-json\/wp\/v2\/types\/product"}],"wp:featuredmedia":[{"embeddable":true,"href":"https:\/\/www.muehle-glashuette.de\/en\/wp-json\/wp\/v2\/media\/21598"}],"wp:attachment":[{"href":"https:\/\/www.muehle-glashuette.de\/en\/wp-json\/wp\/v2\/media?parent=21644"}],"wp:term":[{"taxonomy":"product_brand","embeddable":true,"href":"https:\/\/www.muehle-glashuette.de\/en\/wp-json\/wp\/v2\/product_brand?post=21644"},{"taxonomy":"product_cat","embeddable":true,"href":"https:\/\/www.muehle-glashuette.de\/en\/wp-json\/wp\/v2\/product_cat?post=21644"},{"taxonomy":"product_tag","embeddable":true,"href":"https:\/\/www.muehle-glashuette.de\/en\/wp-json\/wp\/v2\/product_tag?post=21644"}],"curies":[{"name":"wp","href":"https:\/\/api.w.org\/{rel}","templated":true}]}}