{"id":22493,"date":"2026-02-16T12:24:21","date_gmt":"2026-02-16T11:24:21","guid":{"rendered":"https:\/\/www.muehle-glashuette.de\/?post_type=product&#038;p=22493"},"modified":"2026-02-20T13:25:02","modified_gmt":"2026-02-20T12:25:02","slug":"29er-big-gmt-black-canvas-strap-blue","status":"publish","type":"product","link":"https:\/\/www.muehle-glashuette.de\/en\/watch\/29er-big-gmt-black-canvas-strap-blue\/","title":{"rendered":"29er Big GMT"},"content":{"rendered":"","protected":false},"excerpt":{"rendered":"<p>With the 29er Big GMT, the 29er is now also sailing in international waters. The model with a second time zone extends the watch family introduced in 2006, which is named after a sailing dinghy. It impresses with its slim 10.3 mm case and practical GMT display. This means it not only feels at home on all seven seas, but also under the cuff of a business shirt.<\/p>\n","protected":false},"featured_media":22337,"template":"","meta":{"_acf_changed":false},"product_brand":[],"product_cat":[56,457],"product_tag":[163,177,453,454,455],"class_list":{"0":"post-22493","1":"product","2":"type-product","3":"status-publish","4":"has-post-thumbnail","6":"product_cat-29er","7":"product_cat-novelties-2026","8":"product_tag-29er-en","9":"product_tag-29er-big-en","10":"product_tag-29er-big-kleine-sekunde","11":"product_tag-m1-25-82","12":"product_tag-m1-25-82-cb-iv","14":"first","15":"instock","16":"taxable","17":"shipping-taxable","18":"purchasable","19":"product-type-simple"},"acf":[],"yoast_head":"<!-- This site is optimized with the Yoast SEO plugin v27.3 - https:\/\/yoast.com\/product\/yoast-seo-wordpress\/ -->\n<title>29er Big GMT in Schwarz von M\u00fchle-Glash\u00fctte<\/title>\n<meta name=\"description\" content=\"Jetzt auch in der Kollektion der Uhrenmanufaktur M\u00fchle-Glash\u00fctte: Die schwarze Variante der 29er Big GMT f\u00fcr Vielreisende und Weltenbummler.\" \/>\n<meta name=\"robots\" content=\"index, follow, max-snippet:-1, max-image-preview:large, max-video-preview:-1\" \/>\n<meta property=\"og:locale\" content=\"en_US\" \/>\n<meta property=\"og:type\" content=\"article\" \/>\n<meta property=\"og:title\" content=\"29er Big GMT in Schwarz von M\u00fchle-Glash\u00fctte\" \/>\n<meta property=\"og:description\" content=\"Jetzt auch in der Kollektion der Uhrenmanufaktur M\u00fchle-Glash\u00fctte: Die schwarze Variante der 29er Big GMT f\u00fcr Vielreisende und Weltenbummler.\" \/>\n<meta property=\"og:url\" content=\"https:\/\/www.muehle-glashuette.de\/en\/watch\/29er-big-gmt-black-canvas-strap-blue\/\" \/>\n<meta property=\"og:site_name\" content=\"M\u00fchle-Glash\u00fctte\" \/>\n<meta property=\"article:modified_time\" content=\"2026-02-20T12:25:02+00:00\" \/>\n<meta property=\"og:image\" content=\"https:\/\/www.muehle-glashuette.de\/wp-content\/uploads\/29er-Big-GMT-M1-25-93-CB-I-Freisteller.png\" \/>\n\t<meta property=\"og:image:width\" content=\"720\" \/>\n\t<meta property=\"og:image:height\" content=\"1080\" \/>\n\t<meta property=\"og:image:type\" content=\"image\/png\" \/>\n<meta name=\"twitter:card\" content=\"summary_large_image\" \/>\n<script type=\"application\/ld+json\" class=\"yoast-schema-graph\">{\"@context\":\"https:\\\/\\\/schema.org\",\"@graph\":[{\"@type\":\"WebPage\",\"@id\":\"https:\\\/\\\/www.muehle-glashuette.de\\\/en\\\/watch\\\/29er-big-gmt-black-canvas-strap-blue\\\/\",\"url\":\"https:\\\/\\\/www.muehle-glashuette.de\\\/en\\\/watch\\\/29er-big-gmt-black-canvas-strap-blue\\\/\",\"name\":\"29er Big GMT in Schwarz von M\u00fchle-Glash\u00fctte\",\"isPartOf\":{\"@id\":\"https:\\\/\\\/www.muehle-glashuette.de\\\/#website\"},\"primaryImageOfPage\":{\"@id\":\"https:\\\/\\\/www.muehle-glashuette.de\\\/en\\\/watch\\\/29er-big-gmt-black-canvas-strap-blue\\\/#primaryimage\"},\"image\":{\"@id\":\"https:\\\/\\\/www.muehle-glashuette.de\\\/en\\\/watch\\\/29er-big-gmt-black-canvas-strap-blue\\\/#primaryimage\"},\"thumbnailUrl\":\"https:\\\/\\\/www.muehle-glashuette.de\\\/wp-content\\\/uploads\\\/29er-Big-GMT-M1-25-93-CB-I-Freisteller.png\",\"datePublished\":\"2026-02-16T11:24:21+00:00\",\"dateModified\":\"2026-02-20T12:25:02+00:00\",\"description\":\"Jetzt auch in der Kollektion der Uhrenmanufaktur M\u00fchle-Glash\u00fctte: Die schwarze Variante der 29er Big GMT f\u00fcr Vielreisende und Weltenbummler.\",\"breadcrumb\":{\"@id\":\"https:\\\/\\\/www.muehle-glashuette.de\\\/en\\\/watch\\\/29er-big-gmt-black-canvas-strap-blue\\\/#breadcrumb\"},\"inLanguage\":\"en-US\",\"potentialAction\":[{\"@type\":\"ReadAction\",\"target\":[\"https:\\\/\\\/www.muehle-glashuette.de\\\/en\\\/watch\\\/29er-big-gmt-black-canvas-strap-blue\\\/\"]}]},{\"@type\":\"ImageObject\",\"inLanguage\":\"en-US\",\"@id\":\"https:\\\/\\\/www.muehle-glashuette.de\\\/en\\\/watch\\\/29er-big-gmt-black-canvas-strap-blue\\\/#primaryimage\",\"url\":\"https:\\\/\\\/www.muehle-glashuette.de\\\/wp-content\\\/uploads\\\/29er-Big-GMT-M1-25-93-CB-I-Freisteller.png\",\"contentUrl\":\"https:\\\/\\\/www.muehle-glashuette.de\\\/wp-content\\\/uploads\\\/29er-Big-GMT-M1-25-93-CB-I-Freisteller.png\",\"width\":720,\"height\":1080,\"caption\":\"Front view of the 29er Big GMT \u2013 black dial with a light gray flange featuring the GMT display. The watch is fitted with a blue canvas strap.\"},{\"@type\":\"BreadcrumbList\",\"@id\":\"https:\\\/\\\/www.muehle-glashuette.de\\\/en\\\/watch\\\/29er-big-gmt-black-canvas-strap-blue\\\/#breadcrumb\",\"itemListElement\":[{\"@type\":\"ListItem\",\"position\":1,\"name\":\"Home\",\"item\":\"https:\\\/\\\/www.muehle-glashuette.de\\\/en\\\/\"},{\"@type\":\"ListItem\",\"position\":2,\"name\":\"Privat: Shop\",\"item\":\"https:\\\/\\\/www.muehle-glashuette.de\\\/?page_id=6\"},{\"@type\":\"ListItem\",\"position\":3,\"name\":\"29er Big GMT\"}]},{\"@type\":\"WebSite\",\"@id\":\"https:\\\/\\\/www.muehle-glashuette.de\\\/#website\",\"url\":\"https:\\\/\\\/www.muehle-glashuette.de\\\/\",\"name\":\"M\u00fchle-Glash\u00fctte\",\"description\":\"\",\"publisher\":{\"@id\":\"https:\\\/\\\/www.muehle-glashuette.de\\\/#organization\"},\"potentialAction\":[{\"@type\":\"SearchAction\",\"target\":{\"@type\":\"EntryPoint\",\"urlTemplate\":\"https:\\\/\\\/www.muehle-glashuette.de\\\/?s={search_term_string}\"},\"query-input\":{\"@type\":\"PropertyValueSpecification\",\"valueRequired\":true,\"valueName\":\"search_term_string\"}}],\"inLanguage\":\"en-US\"},{\"@type\":\"Organization\",\"@id\":\"https:\\\/\\\/www.muehle-glashuette.de\\\/#organization\",\"name\":\"M\u00fchle-Glash\u00fctte\",\"url\":\"https:\\\/\\\/www.muehle-glashuette.de\\\/\",\"logo\":{\"@type\":\"ImageObject\",\"inLanguage\":\"en-US\",\"@id\":\"https:\\\/\\\/www.muehle-glashuette.de\\\/#\\\/schema\\\/logo\\\/image\\\/\",\"url\":\"https:\\\/\\\/www.muehle-glashuette.de\\\/wp-content\\\/uploads\\\/mg-logo-mail-1.png\",\"contentUrl\":\"https:\\\/\\\/www.muehle-glashuette.de\\\/wp-content\\\/uploads\\\/mg-logo-mail-1.png\",\"width\":600,\"height\":173,\"caption\":\"M\u00fchle-Glash\u00fctte\"},\"image\":{\"@id\":\"https:\\\/\\\/www.muehle-glashuette.de\\\/#\\\/schema\\\/logo\\\/image\\\/\"}}]}<\/script>\n<!-- \/ Yoast SEO plugin. -->","yoast_head_json":{"title":"29er Big GMT in Schwarz von M\u00fchle-Glash\u00fctte","description":"Jetzt auch in der Kollektion der Uhrenmanufaktur M\u00fchle-Glash\u00fctte: Die schwarze Variante der 29er Big GMT f\u00fcr Vielreisende und Weltenbummler.","robots":{"index":"index","follow":"follow","max-snippet":"max-snippet:-1","max-image-preview":"max-image-preview:large","max-video-preview":"max-video-preview:-1"},"og_locale":"en_US","og_type":"article","og_title":"29er Big GMT in Schwarz von M\u00fchle-Glash\u00fctte","og_description":"Jetzt auch in der Kollektion der Uhrenmanufaktur M\u00fchle-Glash\u00fctte: Die schwarze Variante der 29er Big GMT f\u00fcr Vielreisende und Weltenbummler.","og_url":"https:\/\/www.muehle-glashuette.de\/en\/watch\/29er-big-gmt-black-canvas-strap-blue\/","og_site_name":"M\u00fchle-Glash\u00fctte","article_modified_time":"2026-02-20T12:25:02+00:00","og_image":[{"width":720,"height":1080,"url":"https:\/\/www.muehle-glashuette.de\/wp-content\/uploads\/29er-Big-GMT-M1-25-93-CB-I-Freisteller.png","type":"image\/png"}],"twitter_card":"summary_large_image","schema":{"@context":"https:\/\/schema.org","@graph":[{"@type":"WebPage","@id":"https:\/\/www.muehle-glashuette.de\/en\/watch\/29er-big-gmt-black-canvas-strap-blue\/","url":"https:\/\/www.muehle-glashuette.de\/en\/watch\/29er-big-gmt-black-canvas-strap-blue\/","name":"29er Big GMT in Schwarz von M\u00fchle-Glash\u00fctte","isPartOf":{"@id":"https:\/\/www.muehle-glashuette.de\/#website"},"primaryImageOfPage":{"@id":"https:\/\/www.muehle-glashuette.de\/en\/watch\/29er-big-gmt-black-canvas-strap-blue\/#primaryimage"},"image":{"@id":"https:\/\/www.muehle-glashuette.de\/en\/watch\/29er-big-gmt-black-canvas-strap-blue\/#primaryimage"},"thumbnailUrl":"https:\/\/www.muehle-glashuette.de\/wp-content\/uploads\/29er-Big-GMT-M1-25-93-CB-I-Freisteller.png","datePublished":"2026-02-16T11:24:21+00:00","dateModified":"2026-02-20T12:25:02+00:00","description":"Jetzt auch in der Kollektion der Uhrenmanufaktur M\u00fchle-Glash\u00fctte: Die schwarze Variante der 29er Big GMT f\u00fcr Vielreisende und Weltenbummler.","breadcrumb":{"@id":"https:\/\/www.muehle-glashuette.de\/en\/watch\/29er-big-gmt-black-canvas-strap-blue\/#breadcrumb"},"inLanguage":"en-US","potentialAction":[{"@type":"ReadAction","target":["https:\/\/www.muehle-glashuette.de\/en\/watch\/29er-big-gmt-black-canvas-strap-blue\/"]}]},{"@type":"ImageObject","inLanguage":"en-US","@id":"https:\/\/www.muehle-glashuette.de\/en\/watch\/29er-big-gmt-black-canvas-strap-blue\/#primaryimage","url":"https:\/\/www.muehle-glashuette.de\/wp-content\/uploads\/29er-Big-GMT-M1-25-93-CB-I-Freisteller.png","contentUrl":"https:\/\/www.muehle-glashuette.de\/wp-content\/uploads\/29er-Big-GMT-M1-25-93-CB-I-Freisteller.png","width":720,"height":1080,"caption":"Front view of the 29er Big GMT \u2013 black dial with a light gray flange featuring the GMT display. The watch is fitted with a blue canvas strap."},{"@type":"BreadcrumbList","@id":"https:\/\/www.muehle-glashuette.de\/en\/watch\/29er-big-gmt-black-canvas-strap-blue\/#breadcrumb","itemListElement":[{"@type":"ListItem","position":1,"name":"Home","item":"https:\/\/www.muehle-glashuette.de\/en\/"},{"@type":"ListItem","position":2,"name":"Privat: Shop","item":"https:\/\/www.muehle-glashuette.de\/?page_id=6"},{"@type":"ListItem","position":3,"name":"29er Big GMT"}]},{"@type":"WebSite","@id":"https:\/\/www.muehle-glashuette.de\/#website","url":"https:\/\/www.muehle-glashuette.de\/","name":"M\u00fchle-Glash\u00fctte","description":"","publisher":{"@id":"https:\/\/www.muehle-glashuette.de\/#organization"},"potentialAction":[{"@type":"SearchAction","target":{"@type":"EntryPoint","urlTemplate":"https:\/\/www.muehle-glashuette.de\/?s={search_term_string}"},"query-input":{"@type":"PropertyValueSpecification","valueRequired":true,"valueName":"search_term_string"}}],"inLanguage":"en-US"},{"@type":"Organization","@id":"https:\/\/www.muehle-glashuette.de\/#organization","name":"M\u00fchle-Glash\u00fctte","url":"https:\/\/www.muehle-glashuette.de\/","logo":{"@type":"ImageObject","inLanguage":"en-US","@id":"https:\/\/www.muehle-glashuette.de\/#\/schema\/logo\/image\/","url":"https:\/\/www.muehle-glashuette.de\/wp-content\/uploads\/mg-logo-mail-1.png","contentUrl":"https:\/\/www.muehle-glashuette.de\/wp-content\/uploads\/mg-logo-mail-1.png","width":600,"height":173,"caption":"M\u00fchle-Glash\u00fctte"},"image":{"@id":"https:\/\/www.muehle-glashuette.de\/#\/schema\/logo\/image\/"}}]}},"_links":{"self":[{"href":"https:\/\/www.muehle-glashuette.de\/en\/wp-json\/wp\/v2\/product\/22493","targetHints":{"allow":["GET"]}}],"collection":[{"href":"https:\/\/www.muehle-glashuette.de\/en\/wp-json\/wp\/v2\/product"}],"about":[{"href":"https:\/\/www.muehle-glashuette.de\/en\/wp-json\/wp\/v2\/types\/product"}],"wp:featuredmedia":[{"embeddable":true,"href":"https:\/\/www.muehle-glashuette.de\/en\/wp-json\/wp\/v2\/media\/22337"}],"wp:attachment":[{"href":"https:\/\/www.muehle-glashuette.de\/en\/wp-json\/wp\/v2\/media?parent=22493"}],"wp:term":[{"taxonomy":"product_brand","embeddable":true,"href":"https:\/\/www.muehle-glashuette.de\/en\/wp-json\/wp\/v2\/product_brand?post=22493"},{"taxonomy":"product_cat","embeddable":true,"href":"https:\/\/www.muehle-glashuette.de\/en\/wp-json\/wp\/v2\/product_cat?post=22493"},{"taxonomy":"product_tag","embeddable":true,"href":"https:\/\/www.muehle-glashuette.de\/en\/wp-json\/wp\/v2\/product_tag?post=22493"}],"curies":[{"name":"wp","href":"https:\/\/api.w.org\/{rel}","templated":true}]}}