{"id":2301,"date":"2020-12-22T15:07:54","date_gmt":"2020-12-22T14:07:54","guid":{"rendered":"http:\/\/muhleglashuttp.wpengine.com\/uhr\/teutonia-sport-ii\/"},"modified":"2026-02-20T14:51:51","modified_gmt":"2026-02-20T13:51:51","slug":"teutonia-sport-ii-racing-green-leather-strap-black","status":"publish","type":"product","link":"https:\/\/www.muehle-glashuette.de\/en\/watch\/teutonia-sport-ii-racing-green-leather-strap-black\/","title":{"rendered":"Teutonia Sport II &#8220;Racing Green&#8221;"},"content":{"rendered":"","protected":false},"excerpt":{"rendered":"<p>From the Italian Rosso Corsa to the unpainted body of the legendary Silver Arrows: There are three colors that rapidly quicken the pulse of car lovers. The latest version of the Teutonia Sport II now manages to do this in a fine English way. Its dial and sporty leather straps feature numerous elements in British Racing Green &#8211; reminiscent of the most popular body color of British sports cars. The Teutonia Sport II thus reveals once again that the passion of great sports car legends can also live in a functional timepiece &#8220;Made in Germany.<\/p>\n","protected":false},"featured_media":20212,"template":"","meta":{"_acf_changed":false},"product_brand":[],"product_cat":[61],"product_tag":[],"class_list":{"0":"post-2301","1":"product","2":"type-product","3":"status-publish","4":"has-post-thumbnail","6":"product_cat-teutonia","8":"first","9":"instock","10":"taxable","11":"shipping-taxable","12":"purchasable","13":"product-type-simple"},"acf":[],"yoast_head":"<!-- This site is optimized with the Yoast SEO plugin v27.4 - https:\/\/yoast.com\/product\/yoast-seo-wordpress\/ -->\n<title>Teutonia Sport II | Gentleman, Start Your Engines | M\u00fchle-Glash\u00fctte<\/title>\n<meta name=\"description\" content=\"Green accelerates the pulse of automobile enthusiasts. The Teutonia Sport II therefore inspires in Racing Green. | Sporty everyday watch | M\u00fchle-Glash\u00fctte\" \/>\n<meta name=\"robots\" content=\"index, follow, max-snippet:-1, max-image-preview:large, max-video-preview:-1\" \/>\n<meta property=\"og:locale\" content=\"en_US\" \/>\n<meta property=\"og:type\" content=\"article\" \/>\n<meta property=\"og:title\" content=\"Teutonia Sport II | Gentleman, Start Your Engines | M\u00fchle-Glash\u00fctte\" \/>\n<meta property=\"og:description\" content=\"Green accelerates the pulse of automobile enthusiasts. The Teutonia Sport II therefore inspires in Racing Green. | Sporty everyday watch | M\u00fchle-Glash\u00fctte\" \/>\n<meta property=\"og:url\" content=\"https:\/\/www.muehle-glashuette.de\/en\/watch\/teutonia-sport-ii-racing-green-leather-strap-black\/\" \/>\n<meta property=\"og:site_name\" content=\"M\u00fchle-Glash\u00fctte\" \/>\n<meta property=\"article:modified_time\" content=\"2026-02-20T13:51:51+00:00\" \/>\n<meta property=\"og:image\" content=\"https:\/\/www.muehle-glashuette.de\/wp-content\/uploads\/Teutonia_Sport_II_M1-29-74-LB-S_Freisteller.png\" \/>\n\t<meta property=\"og:image:width\" content=\"720\" \/>\n\t<meta property=\"og:image:height\" content=\"1080\" \/>\n\t<meta property=\"og:image:type\" content=\"image\/png\" \/>\n<meta name=\"twitter:card\" content=\"summary_large_image\" \/>\n<script type=\"application\/ld+json\" class=\"yoast-schema-graph\">{\"@context\":\"https:\\\/\\\/schema.org\",\"@graph\":[{\"@type\":\"WebPage\",\"@id\":\"https:\\\/\\\/www.muehle-glashuette.de\\\/en\\\/watch\\\/teutonia-sport-ii-racing-green-leather-strap-black\\\/\",\"url\":\"https:\\\/\\\/www.muehle-glashuette.de\\\/en\\\/watch\\\/teutonia-sport-ii-racing-green-leather-strap-black\\\/\",\"name\":\"Teutonia Sport II | Gentleman, Start Your Engines | M\u00fchle-Glash\u00fctte\",\"isPartOf\":{\"@id\":\"https:\\\/\\\/www.muehle-glashuette.de\\\/#website\"},\"primaryImageOfPage\":{\"@id\":\"https:\\\/\\\/www.muehle-glashuette.de\\\/en\\\/watch\\\/teutonia-sport-ii-racing-green-leather-strap-black\\\/#primaryimage\"},\"image\":{\"@id\":\"https:\\\/\\\/www.muehle-glashuette.de\\\/en\\\/watch\\\/teutonia-sport-ii-racing-green-leather-strap-black\\\/#primaryimage\"},\"thumbnailUrl\":\"https:\\\/\\\/www.muehle-glashuette.de\\\/wp-content\\\/uploads\\\/Teutonia_Sport_II_M1-29-74-LB-S_Freisteller.png\",\"datePublished\":\"2020-12-22T14:07:54+00:00\",\"dateModified\":\"2026-02-20T13:51:51+00:00\",\"description\":\"Green accelerates the pulse of automobile enthusiasts. The Teutonia Sport II therefore inspires in Racing Green. | Sporty everyday watch | M\u00fchle-Glash\u00fctte\",\"breadcrumb\":{\"@id\":\"https:\\\/\\\/www.muehle-glashuette.de\\\/en\\\/watch\\\/teutonia-sport-ii-racing-green-leather-strap-black\\\/#breadcrumb\"},\"inLanguage\":\"en-US\",\"potentialAction\":[{\"@type\":\"ReadAction\",\"target\":[\"https:\\\/\\\/www.muehle-glashuette.de\\\/en\\\/watch\\\/teutonia-sport-ii-racing-green-leather-strap-black\\\/\"]}]},{\"@type\":\"ImageObject\",\"inLanguage\":\"en-US\",\"@id\":\"https:\\\/\\\/www.muehle-glashuette.de\\\/en\\\/watch\\\/teutonia-sport-ii-racing-green-leather-strap-black\\\/#primaryimage\",\"url\":\"https:\\\/\\\/www.muehle-glashuette.de\\\/wp-content\\\/uploads\\\/Teutonia_Sport_II_M1-29-74-LB-S_Freisteller.png\",\"contentUrl\":\"https:\\\/\\\/www.muehle-glashuette.de\\\/wp-content\\\/uploads\\\/Teutonia_Sport_II_M1-29-74-LB-S_Freisteller.png\",\"width\":720,\"height\":1080,\"caption\":\"Teutonia Sport II: Frontalansicht einer Armbanduhr mit gr\u00fcnem Zifferblatt, dezentraler Sekundenanzeige, silbernem Geh\u00e4use und schwarz-gr\u00fcnem Lederband.\"},{\"@type\":\"BreadcrumbList\",\"@id\":\"https:\\\/\\\/www.muehle-glashuette.de\\\/en\\\/watch\\\/teutonia-sport-ii-racing-green-leather-strap-black\\\/#breadcrumb\",\"itemListElement\":[{\"@type\":\"ListItem\",\"position\":1,\"name\":\"Home\",\"item\":\"https:\\\/\\\/www.muehle-glashuette.de\\\/en\\\/\"},{\"@type\":\"ListItem\",\"position\":2,\"name\":\"Privat: Shop\",\"item\":\"https:\\\/\\\/www.muehle-glashuette.de\\\/?page_id=6\"},{\"@type\":\"ListItem\",\"position\":3,\"name\":\"Teutonia Sport II \\\"Racing Green\\\"\"}]},{\"@type\":\"WebSite\",\"@id\":\"https:\\\/\\\/www.muehle-glashuette.de\\\/#website\",\"url\":\"https:\\\/\\\/www.muehle-glashuette.de\\\/\",\"name\":\"M\u00fchle-Glash\u00fctte\",\"description\":\"\",\"publisher\":{\"@id\":\"https:\\\/\\\/www.muehle-glashuette.de\\\/#organization\"},\"potentialAction\":[{\"@type\":\"SearchAction\",\"target\":{\"@type\":\"EntryPoint\",\"urlTemplate\":\"https:\\\/\\\/www.muehle-glashuette.de\\\/?s={search_term_string}\"},\"query-input\":{\"@type\":\"PropertyValueSpecification\",\"valueRequired\":true,\"valueName\":\"search_term_string\"}}],\"inLanguage\":\"en-US\"},{\"@type\":\"Organization\",\"@id\":\"https:\\\/\\\/www.muehle-glashuette.de\\\/#organization\",\"name\":\"M\u00fchle-Glash\u00fctte\",\"url\":\"https:\\\/\\\/www.muehle-glashuette.de\\\/\",\"logo\":{\"@type\":\"ImageObject\",\"inLanguage\":\"en-US\",\"@id\":\"https:\\\/\\\/www.muehle-glashuette.de\\\/#\\\/schema\\\/logo\\\/image\\\/\",\"url\":\"https:\\\/\\\/www.muehle-glashuette.de\\\/wp-content\\\/uploads\\\/mg-logo-mail-1.png\",\"contentUrl\":\"https:\\\/\\\/www.muehle-glashuette.de\\\/wp-content\\\/uploads\\\/mg-logo-mail-1.png\",\"width\":600,\"height\":173,\"caption\":\"M\u00fchle-Glash\u00fctte\"},\"image\":{\"@id\":\"https:\\\/\\\/www.muehle-glashuette.de\\\/#\\\/schema\\\/logo\\\/image\\\/\"}}]}<\/script>\n<!-- \/ Yoast SEO plugin. -->","yoast_head_json":{"title":"Teutonia Sport II | Gentleman, Start Your Engines | M\u00fchle-Glash\u00fctte","description":"Green accelerates the pulse of automobile enthusiasts. The Teutonia Sport II therefore inspires in Racing Green. | Sporty everyday watch | M\u00fchle-Glash\u00fctte","robots":{"index":"index","follow":"follow","max-snippet":"max-snippet:-1","max-image-preview":"max-image-preview:large","max-video-preview":"max-video-preview:-1"},"og_locale":"en_US","og_type":"article","og_title":"Teutonia Sport II | Gentleman, Start Your Engines | M\u00fchle-Glash\u00fctte","og_description":"Green accelerates the pulse of automobile enthusiasts. The Teutonia Sport II therefore inspires in Racing Green. | Sporty everyday watch | M\u00fchle-Glash\u00fctte","og_url":"https:\/\/www.muehle-glashuette.de\/en\/watch\/teutonia-sport-ii-racing-green-leather-strap-black\/","og_site_name":"M\u00fchle-Glash\u00fctte","article_modified_time":"2026-02-20T13:51:51+00:00","og_image":[{"width":720,"height":1080,"url":"https:\/\/www.muehle-glashuette.de\/wp-content\/uploads\/Teutonia_Sport_II_M1-29-74-LB-S_Freisteller.png","type":"image\/png"}],"twitter_card":"summary_large_image","schema":{"@context":"https:\/\/schema.org","@graph":[{"@type":"WebPage","@id":"https:\/\/www.muehle-glashuette.de\/en\/watch\/teutonia-sport-ii-racing-green-leather-strap-black\/","url":"https:\/\/www.muehle-glashuette.de\/en\/watch\/teutonia-sport-ii-racing-green-leather-strap-black\/","name":"Teutonia Sport II | Gentleman, Start Your Engines | M\u00fchle-Glash\u00fctte","isPartOf":{"@id":"https:\/\/www.muehle-glashuette.de\/#website"},"primaryImageOfPage":{"@id":"https:\/\/www.muehle-glashuette.de\/en\/watch\/teutonia-sport-ii-racing-green-leather-strap-black\/#primaryimage"},"image":{"@id":"https:\/\/www.muehle-glashuette.de\/en\/watch\/teutonia-sport-ii-racing-green-leather-strap-black\/#primaryimage"},"thumbnailUrl":"https:\/\/www.muehle-glashuette.de\/wp-content\/uploads\/Teutonia_Sport_II_M1-29-74-LB-S_Freisteller.png","datePublished":"2020-12-22T14:07:54+00:00","dateModified":"2026-02-20T13:51:51+00:00","description":"Green accelerates the pulse of automobile enthusiasts. The Teutonia Sport II therefore inspires in Racing Green. | Sporty everyday watch | M\u00fchle-Glash\u00fctte","breadcrumb":{"@id":"https:\/\/www.muehle-glashuette.de\/en\/watch\/teutonia-sport-ii-racing-green-leather-strap-black\/#breadcrumb"},"inLanguage":"en-US","potentialAction":[{"@type":"ReadAction","target":["https:\/\/www.muehle-glashuette.de\/en\/watch\/teutonia-sport-ii-racing-green-leather-strap-black\/"]}]},{"@type":"ImageObject","inLanguage":"en-US","@id":"https:\/\/www.muehle-glashuette.de\/en\/watch\/teutonia-sport-ii-racing-green-leather-strap-black\/#primaryimage","url":"https:\/\/www.muehle-glashuette.de\/wp-content\/uploads\/Teutonia_Sport_II_M1-29-74-LB-S_Freisteller.png","contentUrl":"https:\/\/www.muehle-glashuette.de\/wp-content\/uploads\/Teutonia_Sport_II_M1-29-74-LB-S_Freisteller.png","width":720,"height":1080,"caption":"Teutonia Sport II: Frontalansicht einer Armbanduhr mit gr\u00fcnem Zifferblatt, dezentraler Sekundenanzeige, silbernem Geh\u00e4use und schwarz-gr\u00fcnem Lederband."},{"@type":"BreadcrumbList","@id":"https:\/\/www.muehle-glashuette.de\/en\/watch\/teutonia-sport-ii-racing-green-leather-strap-black\/#breadcrumb","itemListElement":[{"@type":"ListItem","position":1,"name":"Home","item":"https:\/\/www.muehle-glashuette.de\/en\/"},{"@type":"ListItem","position":2,"name":"Privat: Shop","item":"https:\/\/www.muehle-glashuette.de\/?page_id=6"},{"@type":"ListItem","position":3,"name":"Teutonia Sport II \"Racing Green\""}]},{"@type":"WebSite","@id":"https:\/\/www.muehle-glashuette.de\/#website","url":"https:\/\/www.muehle-glashuette.de\/","name":"M\u00fchle-Glash\u00fctte","description":"","publisher":{"@id":"https:\/\/www.muehle-glashuette.de\/#organization"},"potentialAction":[{"@type":"SearchAction","target":{"@type":"EntryPoint","urlTemplate":"https:\/\/www.muehle-glashuette.de\/?s={search_term_string}"},"query-input":{"@type":"PropertyValueSpecification","valueRequired":true,"valueName":"search_term_string"}}],"inLanguage":"en-US"},{"@type":"Organization","@id":"https:\/\/www.muehle-glashuette.de\/#organization","name":"M\u00fchle-Glash\u00fctte","url":"https:\/\/www.muehle-glashuette.de\/","logo":{"@type":"ImageObject","inLanguage":"en-US","@id":"https:\/\/www.muehle-glashuette.de\/#\/schema\/logo\/image\/","url":"https:\/\/www.muehle-glashuette.de\/wp-content\/uploads\/mg-logo-mail-1.png","contentUrl":"https:\/\/www.muehle-glashuette.de\/wp-content\/uploads\/mg-logo-mail-1.png","width":600,"height":173,"caption":"M\u00fchle-Glash\u00fctte"},"image":{"@id":"https:\/\/www.muehle-glashuette.de\/#\/schema\/logo\/image\/"}}]}},"_links":{"self":[{"href":"https:\/\/www.muehle-glashuette.de\/en\/wp-json\/wp\/v2\/product\/2301","targetHints":{"allow":["GET"]}}],"collection":[{"href":"https:\/\/www.muehle-glashuette.de\/en\/wp-json\/wp\/v2\/product"}],"about":[{"href":"https:\/\/www.muehle-glashuette.de\/en\/wp-json\/wp\/v2\/types\/product"}],"wp:featuredmedia":[{"embeddable":true,"href":"https:\/\/www.muehle-glashuette.de\/en\/wp-json\/wp\/v2\/media\/20212"}],"wp:attachment":[{"href":"https:\/\/www.muehle-glashuette.de\/en\/wp-json\/wp\/v2\/media?parent=2301"}],"wp:term":[{"taxonomy":"product_brand","embeddable":true,"href":"https:\/\/www.muehle-glashuette.de\/en\/wp-json\/wp\/v2\/product_brand?post=2301"},{"taxonomy":"product_cat","embeddable":true,"href":"https:\/\/www.muehle-glashuette.de\/en\/wp-json\/wp\/v2\/product_cat?post=2301"},{"taxonomy":"product_tag","embeddable":true,"href":"https:\/\/www.muehle-glashuette.de\/en\/wp-json\/wp\/v2\/product_tag?post=2301"}],"curies":[{"name":"wp","href":"https:\/\/api.w.org\/{rel}","templated":true}]}}