{"id":5042,"date":"2020-12-21T11:56:42","date_gmt":"2020-12-21T10:56:42","guid":{"rendered":"https:\/\/muhleglashuttp.wpengine.com\/uhr\/29er-chronograph\/"},"modified":"2026-04-24T08:55:19","modified_gmt":"2026-04-24T06:55:19","slug":"29er-chronograph-black-leather-strap","status":"publish","type":"product","link":"https:\/\/www.muehle-glashuette.de\/en\/watch\/29er-chronograph-black-leather-strap\/","title":{"rendered":"29er Chronograph"},"content":{"rendered":"","protected":false},"excerpt":{"rendered":"<p>As a sailing dinghy, the 29er is considered particularly fast, sporty and dynamic. This makes it the ideal namesake for our 29er models. The only difference is that we drive out any speed with our elaborate regulation &#8211; in favor of accuracy. The best example of this is the 29er Chronograph. In competitions, sportsmen and women will particularly appreciate its timekeeping function. Of course, this can be used not only for sailing, but also for horse and car racing or the 5000-meter run.<\/p>\n","protected":false},"featured_media":22307,"template":"","meta":{"_acf_changed":false},"product_brand":[],"product_cat":[56],"product_tag":[163,164,167],"class_list":{"0":"post-5042","1":"product","2":"type-product","3":"status-publish","4":"has-post-thumbnail","6":"product_cat-29er","7":"product_tag-29er-en","8":"product_tag-29er-chronograph-en","9":"product_tag-m1-25-43-en","11":"first","12":"instock","13":"taxable","14":"shipping-taxable","15":"purchasable","16":"product-type-simple"},"acf":[],"yoast_head":"<!-- This site is optimized with the Yoast SEO plugin v27.4 - https:\/\/yoast.com\/product\/yoast-seo-wordpress\/ -->\n<title>29 chronograph black with leather strap | M\u00fchle-Glash\u00fctte<\/title>\n<meta name=\"description\" content=\"Sporty in black: The 29 chronograph from the watch manufacturer M\u00fchle-Glash\u00fctte impresses with its stop function, nautical design and black leather strap.\" \/>\n<meta name=\"robots\" content=\"index, follow, max-snippet:-1, max-image-preview:large, max-video-preview:-1\" \/>\n<meta property=\"og:locale\" content=\"en_US\" \/>\n<meta property=\"og:type\" content=\"article\" \/>\n<meta property=\"og:title\" content=\"29 chronograph black with leather strap | M\u00fchle-Glash\u00fctte\" \/>\n<meta property=\"og:description\" content=\"Sporty in black: The 29 chronograph from the watch manufacturer M\u00fchle-Glash\u00fctte impresses with its stop function, nautical design and black leather strap.\" \/>\n<meta property=\"og:url\" content=\"https:\/\/www.muehle-glashuette.de\/en\/watch\/29er-chronograph-black-leather-strap\/\" \/>\n<meta property=\"og:site_name\" content=\"M\u00fchle-Glash\u00fctte\" \/>\n<meta property=\"article:modified_time\" content=\"2026-04-24T06:55:19+00:00\" \/>\n<meta property=\"og:image\" content=\"https:\/\/www.muehle-glashuette.de\/wp-content\/uploads\/29er-Chronograph-M1-25-43-LB-Freisteller.png\" \/>\n\t<meta property=\"og:image:width\" content=\"720\" \/>\n\t<meta property=\"og:image:height\" content=\"1080\" \/>\n\t<meta property=\"og:image:type\" content=\"image\/png\" \/>\n<meta name=\"twitter:card\" content=\"summary_large_image\" \/>\n<script type=\"application\/ld+json\" class=\"yoast-schema-graph\">{\"@context\":\"https:\\\/\\\/schema.org\",\"@graph\":[{\"@type\":\"WebPage\",\"@id\":\"https:\\\/\\\/www.muehle-glashuette.de\\\/en\\\/watch\\\/29er-chronograph-black-leather-strap\\\/\",\"url\":\"https:\\\/\\\/www.muehle-glashuette.de\\\/en\\\/watch\\\/29er-chronograph-black-leather-strap\\\/\",\"name\":\"29 chronograph black with leather strap | M\u00fchle-Glash\u00fctte\",\"isPartOf\":{\"@id\":\"https:\\\/\\\/www.muehle-glashuette.de\\\/#website\"},\"primaryImageOfPage\":{\"@id\":\"https:\\\/\\\/www.muehle-glashuette.de\\\/en\\\/watch\\\/29er-chronograph-black-leather-strap\\\/#primaryimage\"},\"image\":{\"@id\":\"https:\\\/\\\/www.muehle-glashuette.de\\\/en\\\/watch\\\/29er-chronograph-black-leather-strap\\\/#primaryimage\"},\"thumbnailUrl\":\"https:\\\/\\\/www.muehle-glashuette.de\\\/wp-content\\\/uploads\\\/29er-Chronograph-M1-25-43-LB-Freisteller.png\",\"datePublished\":\"2020-12-21T10:56:42+00:00\",\"dateModified\":\"2026-04-24T06:55:19+00:00\",\"description\":\"Sporty in black: The 29 chronograph from the watch manufacturer M\u00fchle-Glash\u00fctte impresses with its stop function, nautical design and black leather strap.\",\"breadcrumb\":{\"@id\":\"https:\\\/\\\/www.muehle-glashuette.de\\\/en\\\/watch\\\/29er-chronograph-black-leather-strap\\\/#breadcrumb\"},\"inLanguage\":\"en-US\",\"potentialAction\":[{\"@type\":\"ReadAction\",\"target\":[\"https:\\\/\\\/www.muehle-glashuette.de\\\/en\\\/watch\\\/29er-chronograph-black-leather-strap\\\/\"]}]},{\"@type\":\"ImageObject\",\"inLanguage\":\"en-US\",\"@id\":\"https:\\\/\\\/www.muehle-glashuette.de\\\/en\\\/watch\\\/29er-chronograph-black-leather-strap\\\/#primaryimage\",\"url\":\"https:\\\/\\\/www.muehle-glashuette.de\\\/wp-content\\\/uploads\\\/29er-Chronograph-M1-25-43-LB-Freisteller.png\",\"contentUrl\":\"https:\\\/\\\/www.muehle-glashuette.de\\\/wp-content\\\/uploads\\\/29er-Chronograph-M1-25-43-LB-Freisteller.png\",\"width\":720,\"height\":1080,\"caption\":\"Front view of the men's wristwatch 29er chronograph with black dial, white subdials, black rehaut in a silver case on a black leather strap.\"},{\"@type\":\"BreadcrumbList\",\"@id\":\"https:\\\/\\\/www.muehle-glashuette.de\\\/en\\\/watch\\\/29er-chronograph-black-leather-strap\\\/#breadcrumb\",\"itemListElement\":[{\"@type\":\"ListItem\",\"position\":1,\"name\":\"Home\",\"item\":\"https:\\\/\\\/www.muehle-glashuette.de\\\/en\\\/\"},{\"@type\":\"ListItem\",\"position\":2,\"name\":\"Privat: Shop\",\"item\":\"https:\\\/\\\/www.muehle-glashuette.de\\\/?page_id=6\"},{\"@type\":\"ListItem\",\"position\":3,\"name\":\"29er Chronograph\"}]},{\"@type\":\"WebSite\",\"@id\":\"https:\\\/\\\/www.muehle-glashuette.de\\\/#website\",\"url\":\"https:\\\/\\\/www.muehle-glashuette.de\\\/\",\"name\":\"M\u00fchle-Glash\u00fctte\",\"description\":\"\",\"publisher\":{\"@id\":\"https:\\\/\\\/www.muehle-glashuette.de\\\/#organization\"},\"potentialAction\":[{\"@type\":\"SearchAction\",\"target\":{\"@type\":\"EntryPoint\",\"urlTemplate\":\"https:\\\/\\\/www.muehle-glashuette.de\\\/?s={search_term_string}\"},\"query-input\":{\"@type\":\"PropertyValueSpecification\",\"valueRequired\":true,\"valueName\":\"search_term_string\"}}],\"inLanguage\":\"en-US\"},{\"@type\":\"Organization\",\"@id\":\"https:\\\/\\\/www.muehle-glashuette.de\\\/#organization\",\"name\":\"M\u00fchle-Glash\u00fctte\",\"url\":\"https:\\\/\\\/www.muehle-glashuette.de\\\/\",\"logo\":{\"@type\":\"ImageObject\",\"inLanguage\":\"en-US\",\"@id\":\"https:\\\/\\\/www.muehle-glashuette.de\\\/#\\\/schema\\\/logo\\\/image\\\/\",\"url\":\"https:\\\/\\\/www.muehle-glashuette.de\\\/wp-content\\\/uploads\\\/mg-logo-mail-1.png\",\"contentUrl\":\"https:\\\/\\\/www.muehle-glashuette.de\\\/wp-content\\\/uploads\\\/mg-logo-mail-1.png\",\"width\":600,\"height\":173,\"caption\":\"M\u00fchle-Glash\u00fctte\"},\"image\":{\"@id\":\"https:\\\/\\\/www.muehle-glashuette.de\\\/#\\\/schema\\\/logo\\\/image\\\/\"}}]}<\/script>\n<!-- \/ Yoast SEO plugin. -->","yoast_head_json":{"title":"29 chronograph black with leather strap | M\u00fchle-Glash\u00fctte","description":"Sporty in black: The 29 chronograph from the watch manufacturer M\u00fchle-Glash\u00fctte impresses with its stop function, nautical design and black leather strap.","robots":{"index":"index","follow":"follow","max-snippet":"max-snippet:-1","max-image-preview":"max-image-preview:large","max-video-preview":"max-video-preview:-1"},"og_locale":"en_US","og_type":"article","og_title":"29 chronograph black with leather strap | M\u00fchle-Glash\u00fctte","og_description":"Sporty in black: The 29 chronograph from the watch manufacturer M\u00fchle-Glash\u00fctte impresses with its stop function, nautical design and black leather strap.","og_url":"https:\/\/www.muehle-glashuette.de\/en\/watch\/29er-chronograph-black-leather-strap\/","og_site_name":"M\u00fchle-Glash\u00fctte","article_modified_time":"2026-04-24T06:55:19+00:00","og_image":[{"width":720,"height":1080,"url":"https:\/\/www.muehle-glashuette.de\/wp-content\/uploads\/29er-Chronograph-M1-25-43-LB-Freisteller.png","type":"image\/png"}],"twitter_card":"summary_large_image","schema":{"@context":"https:\/\/schema.org","@graph":[{"@type":"WebPage","@id":"https:\/\/www.muehle-glashuette.de\/en\/watch\/29er-chronograph-black-leather-strap\/","url":"https:\/\/www.muehle-glashuette.de\/en\/watch\/29er-chronograph-black-leather-strap\/","name":"29 chronograph black with leather strap | M\u00fchle-Glash\u00fctte","isPartOf":{"@id":"https:\/\/www.muehle-glashuette.de\/#website"},"primaryImageOfPage":{"@id":"https:\/\/www.muehle-glashuette.de\/en\/watch\/29er-chronograph-black-leather-strap\/#primaryimage"},"image":{"@id":"https:\/\/www.muehle-glashuette.de\/en\/watch\/29er-chronograph-black-leather-strap\/#primaryimage"},"thumbnailUrl":"https:\/\/www.muehle-glashuette.de\/wp-content\/uploads\/29er-Chronograph-M1-25-43-LB-Freisteller.png","datePublished":"2020-12-21T10:56:42+00:00","dateModified":"2026-04-24T06:55:19+00:00","description":"Sporty in black: The 29 chronograph from the watch manufacturer M\u00fchle-Glash\u00fctte impresses with its stop function, nautical design and black leather strap.","breadcrumb":{"@id":"https:\/\/www.muehle-glashuette.de\/en\/watch\/29er-chronograph-black-leather-strap\/#breadcrumb"},"inLanguage":"en-US","potentialAction":[{"@type":"ReadAction","target":["https:\/\/www.muehle-glashuette.de\/en\/watch\/29er-chronograph-black-leather-strap\/"]}]},{"@type":"ImageObject","inLanguage":"en-US","@id":"https:\/\/www.muehle-glashuette.de\/en\/watch\/29er-chronograph-black-leather-strap\/#primaryimage","url":"https:\/\/www.muehle-glashuette.de\/wp-content\/uploads\/29er-Chronograph-M1-25-43-LB-Freisteller.png","contentUrl":"https:\/\/www.muehle-glashuette.de\/wp-content\/uploads\/29er-Chronograph-M1-25-43-LB-Freisteller.png","width":720,"height":1080,"caption":"Front view of the men's wristwatch 29er chronograph with black dial, white subdials, black rehaut in a silver case on a black leather strap."},{"@type":"BreadcrumbList","@id":"https:\/\/www.muehle-glashuette.de\/en\/watch\/29er-chronograph-black-leather-strap\/#breadcrumb","itemListElement":[{"@type":"ListItem","position":1,"name":"Home","item":"https:\/\/www.muehle-glashuette.de\/en\/"},{"@type":"ListItem","position":2,"name":"Privat: Shop","item":"https:\/\/www.muehle-glashuette.de\/?page_id=6"},{"@type":"ListItem","position":3,"name":"29er Chronograph"}]},{"@type":"WebSite","@id":"https:\/\/www.muehle-glashuette.de\/#website","url":"https:\/\/www.muehle-glashuette.de\/","name":"M\u00fchle-Glash\u00fctte","description":"","publisher":{"@id":"https:\/\/www.muehle-glashuette.de\/#organization"},"potentialAction":[{"@type":"SearchAction","target":{"@type":"EntryPoint","urlTemplate":"https:\/\/www.muehle-glashuette.de\/?s={search_term_string}"},"query-input":{"@type":"PropertyValueSpecification","valueRequired":true,"valueName":"search_term_string"}}],"inLanguage":"en-US"},{"@type":"Organization","@id":"https:\/\/www.muehle-glashuette.de\/#organization","name":"M\u00fchle-Glash\u00fctte","url":"https:\/\/www.muehle-glashuette.de\/","logo":{"@type":"ImageObject","inLanguage":"en-US","@id":"https:\/\/www.muehle-glashuette.de\/#\/schema\/logo\/image\/","url":"https:\/\/www.muehle-glashuette.de\/wp-content\/uploads\/mg-logo-mail-1.png","contentUrl":"https:\/\/www.muehle-glashuette.de\/wp-content\/uploads\/mg-logo-mail-1.png","width":600,"height":173,"caption":"M\u00fchle-Glash\u00fctte"},"image":{"@id":"https:\/\/www.muehle-glashuette.de\/#\/schema\/logo\/image\/"}}]}},"_links":{"self":[{"href":"https:\/\/www.muehle-glashuette.de\/en\/wp-json\/wp\/v2\/product\/5042","targetHints":{"allow":["GET"]}}],"collection":[{"href":"https:\/\/www.muehle-glashuette.de\/en\/wp-json\/wp\/v2\/product"}],"about":[{"href":"https:\/\/www.muehle-glashuette.de\/en\/wp-json\/wp\/v2\/types\/product"}],"wp:featuredmedia":[{"embeddable":true,"href":"https:\/\/www.muehle-glashuette.de\/en\/wp-json\/wp\/v2\/media\/22307"}],"wp:attachment":[{"href":"https:\/\/www.muehle-glashuette.de\/en\/wp-json\/wp\/v2\/media?parent=5042"}],"wp:term":[{"taxonomy":"product_brand","embeddable":true,"href":"https:\/\/www.muehle-glashuette.de\/en\/wp-json\/wp\/v2\/product_brand?post=5042"},{"taxonomy":"product_cat","embeddable":true,"href":"https:\/\/www.muehle-glashuette.de\/en\/wp-json\/wp\/v2\/product_cat?post=5042"},{"taxonomy":"product_tag","embeddable":true,"href":"https:\/\/www.muehle-glashuette.de\/en\/wp-json\/wp\/v2\/product_tag?post=5042"}],"curies":[{"name":"wp","href":"https:\/\/api.w.org\/{rel}","templated":true}]}}