{"id":5078,"date":"2020-12-02T18:37:03","date_gmt":"2020-12-02T17:37:03","guid":{"rendered":"https:\/\/muhleglashuttp.wpengine.com\/uhr\/teutonia-ii-chronometer-lederband\/"},"modified":"2026-02-20T14:57:52","modified_gmt":"2026-02-20T13:57:52","slug":"teutonia-ii-chronometer-leather-strap","status":"publish","type":"product","link":"https:\/\/www.muehle-glashuette.de\/en\/watch\/teutonia-ii-chronometer-leather-strap\/","title":{"rendered":"Teutonia II Chronometer"},"content":{"rendered":"","protected":false},"excerpt":{"rendered":"<p>We attach particular importance to the precision of our wristwatches. For all those who would like to have this in black and white, we have the Teutonia II Chronometer in our program. After the technical and aesthetic completion of all components, the careful assembly of the movement and the precise regulation with our in-house fine adjustment, we have the timepiece put through its paces at the Glash\u00fctte observatory. After this, every Teutonia II Chronometer that leaves our premises has its certificate &#8211; and its wearer the certainty of owning a chronometer that is as elegant as it is precise.<\/p>\n","protected":false},"featured_media":1592,"template":"","meta":{"_acf_changed":false},"product_brand":[],"product_cat":[61],"product_tag":[],"class_list":{"0":"post-5078","1":"product","2":"type-product","3":"status-publish","4":"has-post-thumbnail","6":"product_cat-teutonia","8":"first","9":"instock","10":"taxable","11":"shipping-taxable","12":"purchasable","13":"product-type-simple"},"acf":[],"yoast_head":"<!-- This site is optimized with the Yoast SEO plugin v27.5 - https:\/\/yoast.com\/product\/yoast-seo-wordpress\/ -->\n<title>Teutonia II Chronometer | Highest precision in an elegant design<\/title>\n<meta name=\"description\" content=\"The elegant watch is assembled by hand in the manufactory, precisely regulated and certified as a chronometer in the Glash\u00fctte observatory | M\u00fchle-Glash\u00fctte\" \/>\n<meta name=\"robots\" content=\"index, follow, max-snippet:-1, max-image-preview:large, max-video-preview:-1\" \/>\n<meta property=\"og:locale\" content=\"en_US\" \/>\n<meta property=\"og:type\" content=\"article\" \/>\n<meta property=\"og:title\" content=\"Teutonia II Chronometer | Highest precision in an elegant design\" \/>\n<meta property=\"og:description\" content=\"The elegant watch is assembled by hand in the manufactory, precisely regulated and certified as a chronometer in the Glash\u00fctte observatory | M\u00fchle-Glash\u00fctte\" \/>\n<meta property=\"og:url\" content=\"https:\/\/www.muehle-glashuette.de\/en\/watch\/teutonia-ii-chronometer-leather-strap\/\" \/>\n<meta property=\"og:site_name\" content=\"M\u00fchle-Glash\u00fctte\" \/>\n<meta property=\"article:modified_time\" content=\"2026-02-20T13:57:52+00:00\" \/>\n<meta property=\"og:image\" content=\"https:\/\/www.muehle-glashuette.de\/wp-content\/uploads\/MuehleGlashuette_M1_30_45_LB.png\" \/>\n\t<meta property=\"og:image:width\" content=\"720\" \/>\n\t<meta property=\"og:image:height\" content=\"1080\" \/>\n\t<meta property=\"og:image:type\" content=\"image\/png\" \/>\n<meta name=\"twitter:card\" content=\"summary_large_image\" \/>\n<script type=\"application\/ld+json\" class=\"yoast-schema-graph\">{\"@context\":\"https:\\\/\\\/schema.org\",\"@graph\":[{\"@type\":\"WebPage\",\"@id\":\"https:\\\/\\\/www.muehle-glashuette.de\\\/en\\\/watch\\\/teutonia-ii-chronometer-leather-strap\\\/\",\"url\":\"https:\\\/\\\/www.muehle-glashuette.de\\\/en\\\/watch\\\/teutonia-ii-chronometer-leather-strap\\\/\",\"name\":\"Teutonia II Chronometer | Highest precision in an elegant design\",\"isPartOf\":{\"@id\":\"https:\\\/\\\/www.muehle-glashuette.de\\\/#website\"},\"primaryImageOfPage\":{\"@id\":\"https:\\\/\\\/www.muehle-glashuette.de\\\/en\\\/watch\\\/teutonia-ii-chronometer-leather-strap\\\/#primaryimage\"},\"image\":{\"@id\":\"https:\\\/\\\/www.muehle-glashuette.de\\\/en\\\/watch\\\/teutonia-ii-chronometer-leather-strap\\\/#primaryimage\"},\"thumbnailUrl\":\"https:\\\/\\\/www.muehle-glashuette.de\\\/wp-content\\\/uploads\\\/MuehleGlashuette_M1_30_45_LB.png\",\"datePublished\":\"2020-12-02T17:37:03+00:00\",\"dateModified\":\"2026-02-20T13:57:52+00:00\",\"description\":\"The elegant watch is assembled by hand in the manufactory, precisely regulated and certified as a chronometer in the Glash\u00fctte observatory | M\u00fchle-Glash\u00fctte\",\"breadcrumb\":{\"@id\":\"https:\\\/\\\/www.muehle-glashuette.de\\\/en\\\/watch\\\/teutonia-ii-chronometer-leather-strap\\\/#breadcrumb\"},\"inLanguage\":\"en-US\",\"potentialAction\":[{\"@type\":\"ReadAction\",\"target\":[\"https:\\\/\\\/www.muehle-glashuette.de\\\/en\\\/watch\\\/teutonia-ii-chronometer-leather-strap\\\/\"]}]},{\"@type\":\"ImageObject\",\"inLanguage\":\"en-US\",\"@id\":\"https:\\\/\\\/www.muehle-glashuette.de\\\/en\\\/watch\\\/teutonia-ii-chronometer-leather-strap\\\/#primaryimage\",\"url\":\"https:\\\/\\\/www.muehle-glashuette.de\\\/wp-content\\\/uploads\\\/MuehleGlashuette_M1_30_45_LB.png\",\"contentUrl\":\"https:\\\/\\\/www.muehle-glashuette.de\\\/wp-content\\\/uploads\\\/MuehleGlashuette_M1_30_45_LB.png\",\"width\":720,\"height\":1080,\"caption\":\"Front view of Teutonia II Chronometer with leather strap\"},{\"@type\":\"BreadcrumbList\",\"@id\":\"https:\\\/\\\/www.muehle-glashuette.de\\\/en\\\/watch\\\/teutonia-ii-chronometer-leather-strap\\\/#breadcrumb\",\"itemListElement\":[{\"@type\":\"ListItem\",\"position\":1,\"name\":\"Home\",\"item\":\"https:\\\/\\\/www.muehle-glashuette.de\\\/en\\\/\"},{\"@type\":\"ListItem\",\"position\":2,\"name\":\"Privat: Shop\",\"item\":\"https:\\\/\\\/www.muehle-glashuette.de\\\/?page_id=6\"},{\"@type\":\"ListItem\",\"position\":3,\"name\":\"Teutonia II Chronometer\"}]},{\"@type\":\"WebSite\",\"@id\":\"https:\\\/\\\/www.muehle-glashuette.de\\\/#website\",\"url\":\"https:\\\/\\\/www.muehle-glashuette.de\\\/\",\"name\":\"M\u00fchle-Glash\u00fctte\",\"description\":\"\",\"publisher\":{\"@id\":\"https:\\\/\\\/www.muehle-glashuette.de\\\/#organization\"},\"potentialAction\":[{\"@type\":\"SearchAction\",\"target\":{\"@type\":\"EntryPoint\",\"urlTemplate\":\"https:\\\/\\\/www.muehle-glashuette.de\\\/?s={search_term_string}\"},\"query-input\":{\"@type\":\"PropertyValueSpecification\",\"valueRequired\":true,\"valueName\":\"search_term_string\"}}],\"inLanguage\":\"en-US\"},{\"@type\":\"Organization\",\"@id\":\"https:\\\/\\\/www.muehle-glashuette.de\\\/#organization\",\"name\":\"M\u00fchle-Glash\u00fctte\",\"url\":\"https:\\\/\\\/www.muehle-glashuette.de\\\/\",\"logo\":{\"@type\":\"ImageObject\",\"inLanguage\":\"en-US\",\"@id\":\"https:\\\/\\\/www.muehle-glashuette.de\\\/#\\\/schema\\\/logo\\\/image\\\/\",\"url\":\"https:\\\/\\\/www.muehle-glashuette.de\\\/wp-content\\\/uploads\\\/mg-logo-mail-1.png\",\"contentUrl\":\"https:\\\/\\\/www.muehle-glashuette.de\\\/wp-content\\\/uploads\\\/mg-logo-mail-1.png\",\"width\":600,\"height\":173,\"caption\":\"M\u00fchle-Glash\u00fctte\"},\"image\":{\"@id\":\"https:\\\/\\\/www.muehle-glashuette.de\\\/#\\\/schema\\\/logo\\\/image\\\/\"}}]}<\/script>\n<!-- \/ Yoast SEO plugin. -->","yoast_head_json":{"title":"Teutonia II Chronometer | Highest precision in an elegant design","description":"The elegant watch is assembled by hand in the manufactory, precisely regulated and certified as a chronometer in the Glash\u00fctte observatory | M\u00fchle-Glash\u00fctte","robots":{"index":"index","follow":"follow","max-snippet":"max-snippet:-1","max-image-preview":"max-image-preview:large","max-video-preview":"max-video-preview:-1"},"og_locale":"en_US","og_type":"article","og_title":"Teutonia II Chronometer | Highest precision in an elegant design","og_description":"The elegant watch is assembled by hand in the manufactory, precisely regulated and certified as a chronometer in the Glash\u00fctte observatory | M\u00fchle-Glash\u00fctte","og_url":"https:\/\/www.muehle-glashuette.de\/en\/watch\/teutonia-ii-chronometer-leather-strap\/","og_site_name":"M\u00fchle-Glash\u00fctte","article_modified_time":"2026-02-20T13:57:52+00:00","og_image":[{"width":720,"height":1080,"url":"https:\/\/www.muehle-glashuette.de\/wp-content\/uploads\/MuehleGlashuette_M1_30_45_LB.png","type":"image\/png"}],"twitter_card":"summary_large_image","schema":{"@context":"https:\/\/schema.org","@graph":[{"@type":"WebPage","@id":"https:\/\/www.muehle-glashuette.de\/en\/watch\/teutonia-ii-chronometer-leather-strap\/","url":"https:\/\/www.muehle-glashuette.de\/en\/watch\/teutonia-ii-chronometer-leather-strap\/","name":"Teutonia II Chronometer | Highest precision in an elegant design","isPartOf":{"@id":"https:\/\/www.muehle-glashuette.de\/#website"},"primaryImageOfPage":{"@id":"https:\/\/www.muehle-glashuette.de\/en\/watch\/teutonia-ii-chronometer-leather-strap\/#primaryimage"},"image":{"@id":"https:\/\/www.muehle-glashuette.de\/en\/watch\/teutonia-ii-chronometer-leather-strap\/#primaryimage"},"thumbnailUrl":"https:\/\/www.muehle-glashuette.de\/wp-content\/uploads\/MuehleGlashuette_M1_30_45_LB.png","datePublished":"2020-12-02T17:37:03+00:00","dateModified":"2026-02-20T13:57:52+00:00","description":"The elegant watch is assembled by hand in the manufactory, precisely regulated and certified as a chronometer in the Glash\u00fctte observatory | M\u00fchle-Glash\u00fctte","breadcrumb":{"@id":"https:\/\/www.muehle-glashuette.de\/en\/watch\/teutonia-ii-chronometer-leather-strap\/#breadcrumb"},"inLanguage":"en-US","potentialAction":[{"@type":"ReadAction","target":["https:\/\/www.muehle-glashuette.de\/en\/watch\/teutonia-ii-chronometer-leather-strap\/"]}]},{"@type":"ImageObject","inLanguage":"en-US","@id":"https:\/\/www.muehle-glashuette.de\/en\/watch\/teutonia-ii-chronometer-leather-strap\/#primaryimage","url":"https:\/\/www.muehle-glashuette.de\/wp-content\/uploads\/MuehleGlashuette_M1_30_45_LB.png","contentUrl":"https:\/\/www.muehle-glashuette.de\/wp-content\/uploads\/MuehleGlashuette_M1_30_45_LB.png","width":720,"height":1080,"caption":"Front view of Teutonia II Chronometer with leather strap"},{"@type":"BreadcrumbList","@id":"https:\/\/www.muehle-glashuette.de\/en\/watch\/teutonia-ii-chronometer-leather-strap\/#breadcrumb","itemListElement":[{"@type":"ListItem","position":1,"name":"Home","item":"https:\/\/www.muehle-glashuette.de\/en\/"},{"@type":"ListItem","position":2,"name":"Privat: Shop","item":"https:\/\/www.muehle-glashuette.de\/?page_id=6"},{"@type":"ListItem","position":3,"name":"Teutonia II Chronometer"}]},{"@type":"WebSite","@id":"https:\/\/www.muehle-glashuette.de\/#website","url":"https:\/\/www.muehle-glashuette.de\/","name":"M\u00fchle-Glash\u00fctte","description":"","publisher":{"@id":"https:\/\/www.muehle-glashuette.de\/#organization"},"potentialAction":[{"@type":"SearchAction","target":{"@type":"EntryPoint","urlTemplate":"https:\/\/www.muehle-glashuette.de\/?s={search_term_string}"},"query-input":{"@type":"PropertyValueSpecification","valueRequired":true,"valueName":"search_term_string"}}],"inLanguage":"en-US"},{"@type":"Organization","@id":"https:\/\/www.muehle-glashuette.de\/#organization","name":"M\u00fchle-Glash\u00fctte","url":"https:\/\/www.muehle-glashuette.de\/","logo":{"@type":"ImageObject","inLanguage":"en-US","@id":"https:\/\/www.muehle-glashuette.de\/#\/schema\/logo\/image\/","url":"https:\/\/www.muehle-glashuette.de\/wp-content\/uploads\/mg-logo-mail-1.png","contentUrl":"https:\/\/www.muehle-glashuette.de\/wp-content\/uploads\/mg-logo-mail-1.png","width":600,"height":173,"caption":"M\u00fchle-Glash\u00fctte"},"image":{"@id":"https:\/\/www.muehle-glashuette.de\/#\/schema\/logo\/image\/"}}]}},"_links":{"self":[{"href":"https:\/\/www.muehle-glashuette.de\/en\/wp-json\/wp\/v2\/product\/5078","targetHints":{"allow":["GET"]}}],"collection":[{"href":"https:\/\/www.muehle-glashuette.de\/en\/wp-json\/wp\/v2\/product"}],"about":[{"href":"https:\/\/www.muehle-glashuette.de\/en\/wp-json\/wp\/v2\/types\/product"}],"wp:featuredmedia":[{"embeddable":true,"href":"https:\/\/www.muehle-glashuette.de\/en\/wp-json\/wp\/v2\/media\/1592"}],"wp:attachment":[{"href":"https:\/\/www.muehle-glashuette.de\/en\/wp-json\/wp\/v2\/media?parent=5078"}],"wp:term":[{"taxonomy":"product_brand","embeddable":true,"href":"https:\/\/www.muehle-glashuette.de\/en\/wp-json\/wp\/v2\/product_brand?post=5078"},{"taxonomy":"product_cat","embeddable":true,"href":"https:\/\/www.muehle-glashuette.de\/en\/wp-json\/wp\/v2\/product_cat?post=5078"},{"taxonomy":"product_tag","embeddable":true,"href":"https:\/\/www.muehle-glashuette.de\/en\/wp-json\/wp\/v2\/product_tag?post=5078"}],"curies":[{"name":"wp","href":"https:\/\/api.w.org\/{rel}","templated":true}]}}