{"id":5080,"date":"2020-12-22T13:50:27","date_gmt":"2020-12-22T12:50:27","guid":{"rendered":"https:\/\/muhleglashuttp.wpengine.com\/uhr\/teutonia-ii-chronometer\/"},"modified":"2026-02-20T14:54:55","modified_gmt":"2026-02-20T13:54:55","slug":"teutonia-ii-chronometer-bracelet","status":"publish","type":"product","link":"https:\/\/www.muehle-glashuette.de\/en\/watch\/teutonia-ii-chronometer-bracelet\/","title":{"rendered":"Teutonia II Chronometer"},"content":{"rendered":"","protected":false},"excerpt":{"rendered":"<p>We attach particular importance to the precision of our wristwatches. For all those who would like to have this in black and white, we have the Teutonia II Chronometer in our program. After the technical and aesthetic completion of all components, the careful assembly of the movement and the precise regulation with our in-house fine adjustment, we have the timepiece put through its paces at the Glash\u00fctte observatory. After this, every Teutonia II Chronometer that leaves our premises has its certificate &#8211; and its wearer the certainty of owning a chronometer that is as elegant as it is precise.<\/p>\n","protected":false},"featured_media":4928,"template":"","meta":{"_acf_changed":false},"product_brand":[],"product_cat":[61],"product_tag":[],"class_list":{"0":"post-5080","1":"product","2":"type-product","3":"status-publish","4":"has-post-thumbnail","6":"product_cat-teutonia","8":"first","9":"instock","10":"taxable","11":"shipping-taxable","12":"purchasable","13":"product-type-simple"},"acf":[],"yoast_head":"<!-- This site is optimized with the Yoast SEO plugin v27.5 - https:\/\/yoast.com\/product\/yoast-seo-wordpress\/ -->\n<title>Teutonia II Chronometer | Certified Precision | M\u00fchle-Glash\u00fctte<\/title>\n<meta name=\"description\" content=\"Every Teutonia II chronometer is certified for its precision in Glash\u00fctte and meets the highest quality standards | Find out more now!\" \/>\n<meta name=\"robots\" content=\"index, follow, max-snippet:-1, max-image-preview:large, max-video-preview:-1\" \/>\n<meta property=\"og:locale\" content=\"en_US\" \/>\n<meta property=\"og:type\" content=\"article\" \/>\n<meta property=\"og:title\" content=\"Teutonia II Chronometer | Certified Precision | M\u00fchle-Glash\u00fctte\" \/>\n<meta property=\"og:description\" content=\"Every Teutonia II chronometer is certified for its precision in Glash\u00fctte and meets the highest quality standards | Find out more now!\" \/>\n<meta property=\"og:url\" content=\"https:\/\/www.muehle-glashuette.de\/en\/watch\/teutonia-ii-chronometer-bracelet\/\" \/>\n<meta property=\"og:site_name\" content=\"M\u00fchle-Glash\u00fctte\" \/>\n<meta property=\"article:modified_time\" content=\"2026-02-20T13:54:55+00:00\" \/>\n<meta property=\"og:image\" content=\"https:\/\/www.muehle-glashuette.de\/wp-content\/uploads\/MuehleGlashuette_M1_30_45_MB.png\" \/>\n\t<meta property=\"og:image:width\" content=\"720\" \/>\n\t<meta property=\"og:image:height\" content=\"1080\" \/>\n\t<meta property=\"og:image:type\" content=\"image\/png\" \/>\n<meta name=\"twitter:card\" content=\"summary_large_image\" \/>\n<script type=\"application\/ld+json\" class=\"yoast-schema-graph\">{\"@context\":\"https:\\\/\\\/schema.org\",\"@graph\":[{\"@type\":\"WebPage\",\"@id\":\"https:\\\/\\\/www.muehle-glashuette.de\\\/en\\\/watch\\\/teutonia-ii-chronometer-bracelet\\\/\",\"url\":\"https:\\\/\\\/www.muehle-glashuette.de\\\/en\\\/watch\\\/teutonia-ii-chronometer-bracelet\\\/\",\"name\":\"Teutonia II Chronometer | Certified Precision | M\u00fchle-Glash\u00fctte\",\"isPartOf\":{\"@id\":\"https:\\\/\\\/www.muehle-glashuette.de\\\/#website\"},\"primaryImageOfPage\":{\"@id\":\"https:\\\/\\\/www.muehle-glashuette.de\\\/en\\\/watch\\\/teutonia-ii-chronometer-bracelet\\\/#primaryimage\"},\"image\":{\"@id\":\"https:\\\/\\\/www.muehle-glashuette.de\\\/en\\\/watch\\\/teutonia-ii-chronometer-bracelet\\\/#primaryimage\"},\"thumbnailUrl\":\"https:\\\/\\\/www.muehle-glashuette.de\\\/wp-content\\\/uploads\\\/MuehleGlashuette_M1_30_45_MB.png\",\"datePublished\":\"2020-12-22T12:50:27+00:00\",\"dateModified\":\"2026-02-20T13:54:55+00:00\",\"description\":\"Every Teutonia II chronometer is certified for its precision in Glash\u00fctte and meets the highest quality standards | Find out more now!\",\"breadcrumb\":{\"@id\":\"https:\\\/\\\/www.muehle-glashuette.de\\\/en\\\/watch\\\/teutonia-ii-chronometer-bracelet\\\/#breadcrumb\"},\"inLanguage\":\"en-US\",\"potentialAction\":[{\"@type\":\"ReadAction\",\"target\":[\"https:\\\/\\\/www.muehle-glashuette.de\\\/en\\\/watch\\\/teutonia-ii-chronometer-bracelet\\\/\"]}]},{\"@type\":\"ImageObject\",\"inLanguage\":\"en-US\",\"@id\":\"https:\\\/\\\/www.muehle-glashuette.de\\\/en\\\/watch\\\/teutonia-ii-chronometer-bracelet\\\/#primaryimage\",\"url\":\"https:\\\/\\\/www.muehle-glashuette.de\\\/wp-content\\\/uploads\\\/MuehleGlashuette_M1_30_45_MB.png\",\"contentUrl\":\"https:\\\/\\\/www.muehle-glashuette.de\\\/wp-content\\\/uploads\\\/MuehleGlashuette_M1_30_45_MB.png\",\"width\":720,\"height\":1080,\"caption\":\"Teutonia II Chronometer: Front view of a wristwatch with a white dial, silver case and silver metal band.\"},{\"@type\":\"BreadcrumbList\",\"@id\":\"https:\\\/\\\/www.muehle-glashuette.de\\\/en\\\/watch\\\/teutonia-ii-chronometer-bracelet\\\/#breadcrumb\",\"itemListElement\":[{\"@type\":\"ListItem\",\"position\":1,\"name\":\"Home\",\"item\":\"https:\\\/\\\/www.muehle-glashuette.de\\\/en\\\/\"},{\"@type\":\"ListItem\",\"position\":2,\"name\":\"Privat: Shop\",\"item\":\"https:\\\/\\\/www.muehle-glashuette.de\\\/?page_id=6\"},{\"@type\":\"ListItem\",\"position\":3,\"name\":\"Teutonia II Chronometer\"}]},{\"@type\":\"WebSite\",\"@id\":\"https:\\\/\\\/www.muehle-glashuette.de\\\/#website\",\"url\":\"https:\\\/\\\/www.muehle-glashuette.de\\\/\",\"name\":\"M\u00fchle-Glash\u00fctte\",\"description\":\"\",\"publisher\":{\"@id\":\"https:\\\/\\\/www.muehle-glashuette.de\\\/#organization\"},\"potentialAction\":[{\"@type\":\"SearchAction\",\"target\":{\"@type\":\"EntryPoint\",\"urlTemplate\":\"https:\\\/\\\/www.muehle-glashuette.de\\\/?s={search_term_string}\"},\"query-input\":{\"@type\":\"PropertyValueSpecification\",\"valueRequired\":true,\"valueName\":\"search_term_string\"}}],\"inLanguage\":\"en-US\"},{\"@type\":\"Organization\",\"@id\":\"https:\\\/\\\/www.muehle-glashuette.de\\\/#organization\",\"name\":\"M\u00fchle-Glash\u00fctte\",\"url\":\"https:\\\/\\\/www.muehle-glashuette.de\\\/\",\"logo\":{\"@type\":\"ImageObject\",\"inLanguage\":\"en-US\",\"@id\":\"https:\\\/\\\/www.muehle-glashuette.de\\\/#\\\/schema\\\/logo\\\/image\\\/\",\"url\":\"https:\\\/\\\/www.muehle-glashuette.de\\\/wp-content\\\/uploads\\\/mg-logo-mail-1.png\",\"contentUrl\":\"https:\\\/\\\/www.muehle-glashuette.de\\\/wp-content\\\/uploads\\\/mg-logo-mail-1.png\",\"width\":600,\"height\":173,\"caption\":\"M\u00fchle-Glash\u00fctte\"},\"image\":{\"@id\":\"https:\\\/\\\/www.muehle-glashuette.de\\\/#\\\/schema\\\/logo\\\/image\\\/\"}}]}<\/script>\n<!-- \/ Yoast SEO plugin. -->","yoast_head_json":{"title":"Teutonia II Chronometer | Certified Precision | M\u00fchle-Glash\u00fctte","description":"Every Teutonia II chronometer is certified for its precision in Glash\u00fctte and meets the highest quality standards | Find out more now!","robots":{"index":"index","follow":"follow","max-snippet":"max-snippet:-1","max-image-preview":"max-image-preview:large","max-video-preview":"max-video-preview:-1"},"og_locale":"en_US","og_type":"article","og_title":"Teutonia II Chronometer | Certified Precision | M\u00fchle-Glash\u00fctte","og_description":"Every Teutonia II chronometer is certified for its precision in Glash\u00fctte and meets the highest quality standards | Find out more now!","og_url":"https:\/\/www.muehle-glashuette.de\/en\/watch\/teutonia-ii-chronometer-bracelet\/","og_site_name":"M\u00fchle-Glash\u00fctte","article_modified_time":"2026-02-20T13:54:55+00:00","og_image":[{"width":720,"height":1080,"url":"https:\/\/www.muehle-glashuette.de\/wp-content\/uploads\/MuehleGlashuette_M1_30_45_MB.png","type":"image\/png"}],"twitter_card":"summary_large_image","schema":{"@context":"https:\/\/schema.org","@graph":[{"@type":"WebPage","@id":"https:\/\/www.muehle-glashuette.de\/en\/watch\/teutonia-ii-chronometer-bracelet\/","url":"https:\/\/www.muehle-glashuette.de\/en\/watch\/teutonia-ii-chronometer-bracelet\/","name":"Teutonia II Chronometer | Certified Precision | M\u00fchle-Glash\u00fctte","isPartOf":{"@id":"https:\/\/www.muehle-glashuette.de\/#website"},"primaryImageOfPage":{"@id":"https:\/\/www.muehle-glashuette.de\/en\/watch\/teutonia-ii-chronometer-bracelet\/#primaryimage"},"image":{"@id":"https:\/\/www.muehle-glashuette.de\/en\/watch\/teutonia-ii-chronometer-bracelet\/#primaryimage"},"thumbnailUrl":"https:\/\/www.muehle-glashuette.de\/wp-content\/uploads\/MuehleGlashuette_M1_30_45_MB.png","datePublished":"2020-12-22T12:50:27+00:00","dateModified":"2026-02-20T13:54:55+00:00","description":"Every Teutonia II chronometer is certified for its precision in Glash\u00fctte and meets the highest quality standards | Find out more now!","breadcrumb":{"@id":"https:\/\/www.muehle-glashuette.de\/en\/watch\/teutonia-ii-chronometer-bracelet\/#breadcrumb"},"inLanguage":"en-US","potentialAction":[{"@type":"ReadAction","target":["https:\/\/www.muehle-glashuette.de\/en\/watch\/teutonia-ii-chronometer-bracelet\/"]}]},{"@type":"ImageObject","inLanguage":"en-US","@id":"https:\/\/www.muehle-glashuette.de\/en\/watch\/teutonia-ii-chronometer-bracelet\/#primaryimage","url":"https:\/\/www.muehle-glashuette.de\/wp-content\/uploads\/MuehleGlashuette_M1_30_45_MB.png","contentUrl":"https:\/\/www.muehle-glashuette.de\/wp-content\/uploads\/MuehleGlashuette_M1_30_45_MB.png","width":720,"height":1080,"caption":"Teutonia II Chronometer: Front view of a wristwatch with a white dial, silver case and silver metal band."},{"@type":"BreadcrumbList","@id":"https:\/\/www.muehle-glashuette.de\/en\/watch\/teutonia-ii-chronometer-bracelet\/#breadcrumb","itemListElement":[{"@type":"ListItem","position":1,"name":"Home","item":"https:\/\/www.muehle-glashuette.de\/en\/"},{"@type":"ListItem","position":2,"name":"Privat: Shop","item":"https:\/\/www.muehle-glashuette.de\/?page_id=6"},{"@type":"ListItem","position":3,"name":"Teutonia II Chronometer"}]},{"@type":"WebSite","@id":"https:\/\/www.muehle-glashuette.de\/#website","url":"https:\/\/www.muehle-glashuette.de\/","name":"M\u00fchle-Glash\u00fctte","description":"","publisher":{"@id":"https:\/\/www.muehle-glashuette.de\/#organization"},"potentialAction":[{"@type":"SearchAction","target":{"@type":"EntryPoint","urlTemplate":"https:\/\/www.muehle-glashuette.de\/?s={search_term_string}"},"query-input":{"@type":"PropertyValueSpecification","valueRequired":true,"valueName":"search_term_string"}}],"inLanguage":"en-US"},{"@type":"Organization","@id":"https:\/\/www.muehle-glashuette.de\/#organization","name":"M\u00fchle-Glash\u00fctte","url":"https:\/\/www.muehle-glashuette.de\/","logo":{"@type":"ImageObject","inLanguage":"en-US","@id":"https:\/\/www.muehle-glashuette.de\/#\/schema\/logo\/image\/","url":"https:\/\/www.muehle-glashuette.de\/wp-content\/uploads\/mg-logo-mail-1.png","contentUrl":"https:\/\/www.muehle-glashuette.de\/wp-content\/uploads\/mg-logo-mail-1.png","width":600,"height":173,"caption":"M\u00fchle-Glash\u00fctte"},"image":{"@id":"https:\/\/www.muehle-glashuette.de\/#\/schema\/logo\/image\/"}}]}},"_links":{"self":[{"href":"https:\/\/www.muehle-glashuette.de\/en\/wp-json\/wp\/v2\/product\/5080","targetHints":{"allow":["GET"]}}],"collection":[{"href":"https:\/\/www.muehle-glashuette.de\/en\/wp-json\/wp\/v2\/product"}],"about":[{"href":"https:\/\/www.muehle-glashuette.de\/en\/wp-json\/wp\/v2\/types\/product"}],"wp:featuredmedia":[{"embeddable":true,"href":"https:\/\/www.muehle-glashuette.de\/en\/wp-json\/wp\/v2\/media\/4928"}],"wp:attachment":[{"href":"https:\/\/www.muehle-glashuette.de\/en\/wp-json\/wp\/v2\/media?parent=5080"}],"wp:term":[{"taxonomy":"product_brand","embeddable":true,"href":"https:\/\/www.muehle-glashuette.de\/en\/wp-json\/wp\/v2\/product_brand?post=5080"},{"taxonomy":"product_cat","embeddable":true,"href":"https:\/\/www.muehle-glashuette.de\/en\/wp-json\/wp\/v2\/product_cat?post=5080"},{"taxonomy":"product_tag","embeddable":true,"href":"https:\/\/www.muehle-glashuette.de\/en\/wp-json\/wp\/v2\/product_tag?post=5080"}],"curies":[{"name":"wp","href":"https:\/\/api.w.org\/{rel}","templated":true}]}}